{"id":62,"date":"2021-07-21T15:53:30","date_gmt":"2021-07-21T13:53:30","guid":{"rendered":"http:\/\/version.privacare.fr\/?page_id=62"},"modified":"2021-09-27T09:59:24","modified_gmt":"2021-09-27T07:59:24","slug":"conseil-investissement-financiers","status":"publish","type":"page","link":"https:\/\/version.privacare.fr\/index.php\/conseil-investissement-financiers\/","title":{"rendered":"Conseil en investissement financier"},"content":{"rendered":"<!-- Created with Elementor --><!-- Created with Elementor --><div  data-label=\"Content\" data-id=\"content--3\" data-export-id=\"content-12\" data-category=\"content\" class=\"content-12 content-section content-section-spacing\" id=\"content-3\" style=\"background-color: rgb(255, 255, 255);\"><div  class=\"\"> <div  class=\"row text-center\"><div  class=\"section-title-col\" data-type=\"column\"> <h2  class=\"\">De quoi s\u2019agit-il ?<\/h2> <\/div> <\/div> <div  class=\"row center-xs middle-xs\"> <div  class=\"col-sm-9\" data-type=\"column\"><p  class=\"\" style=\"text-align: justify;\">A l\u2019issue de l\u2019\u00e9tude patrimoniale r\u00e9alis\u00e9e pour le client, des pr\u00e9conisations sont mises en avant pour r\u00e9pondre aux besoins initiaux. Ces pr\u00e9conisations peuvent induire des investissements mobiliers. Compte-titre, FIP-FCPI, FCPR, il ne s\u2019agit pas l\u00e0 de faire un inventaire \u00e0 la Pr\u00e9vert, mais de poursuivre notre credo d\u2019accompagnement de nos clients en leur permettant de r\u00e9aliser ces investissements directement avec nous, et sans recourir \u00e0 un nouvel interm\u00e9diaire.\n<br ><br >\nNotre mode de travail en architecture ouverte nous permet de s\u00e9lectionner le partenaire de notre choix sans \u00eatre contraints par des produits ou des supports.<\/p> <\/div> <\/div><\/div> <\/div><div  data-label=\"Content\" data-id=\"content--2\" data-export-id=\"content-12\" data-category=\"content\" class=\"content-12 content-section content-section-spacing\" id=\"content-2\" style=\"background-color: rgba(130, 22, 83, 0.055); background-image: none;\">\n<div  class=\"gridContainer\">\n<div  class=\"row text-center\">\n<div  class=\"section-title-col\" data-type=\"column\">\n<h2  class=\"\" style=\"text-align: center;\">Pour aller plus loin<\/h2>\n<div  data-editable=\"true\" data-name=\"ope-widgets-area\" data-content-shortcode=\"mesmerize_display_widgets_area id=&quot;mesmerize_users_custom_widgets_areas_0&quot; \" class=\"\"><div data-name=\"mesmerize-widgets-area\"><div id=\"block-17\" class=\"widget widget_block\">\n<figure class=\"wp-block-embed is-type-video is-provider-youtube wp-block-embed-youtube wp-embed-aspect-16-9 wp-has-aspect-ratio\"><div class=\"wp-block-embed__wrapper\">\n<div class='embed-container'><iframe title=\"Dessine-moi l&#039;\u00e9co : La bourse et le financement des entreprises\" width=\"1920\" height=\"1080\" src=\"https:\/\/www.youtube.com\/embed\/xcaQNIgF3R4?feature=oembed\" frameborder=\"0\" allow=\"accelerometer; autoplay; clipboard-write; encrypted-media; gyroscope; picture-in-picture\" allowfullscreen><\/iframe><\/div>\n<\/div><\/figure>\n<\/div><div id=\"block-20\" class=\"widget widget_block\"><\/div><\/div><\/div>\n<p  class=\"lead\" style=\"text-align: right;\"><span  style=\"font-style: italic;\"><sup >Vid\u00e9o par : <span  style=\"font-weight: 500;\">Dessine-moi l\u2019\u00e9co<\/span><\/sup><\/span><\/p><\/div>\n<\/div>\n<div  class=\"row center-xs middle-xs\">\n<div  class=\"col-sm-9\" data-type=\"column\"><\/div>\n<\/div>\n<\/div>\n<\/div><!-- Created with Elementor --><div  data-label=\"Features\" data-id=\"features--1\" data-export-id=\"features-16\" data-category=\"features\" class=\"features-16 content-section content-section-spacing\" id=\"features-1\" style=\"background-color: rgb(255, 255, 255); background-image: none;\"><div  class=\"gridContainer\"> <div  class=\"row text-center\"><div  class=\"section-title-col\" data-type=\"column\"> <h5  class=\"\">En compl\u00e9ment :<\/h5><h2  class=\"\">Nos autres prestations<\/h2> <\/div> <\/div> <div  class=\"row spaced-cols\" data-type=\"row\"> <div  class=\"col-xs-12 col-sm-6 space-bottom col-md-3 \"> <a data-cp-link=\"1\" href=\"http:\/\/version.privacare.fr\/index.php\/courtage\" target=\"_blank\" rel=\"noopener\"><img  class=\"face\" src=\"http:\/\/version.privacare.fr\/wp-content\/uploads\/2021\/09\/privasquare-04.png\" title=\"privasquare-04\" alt=\"\"><\/a> <div  data-type=\"column\" class=\"col-padding-small col-padding-small-xs description-container\">   <\/div> <\/div> <div  class=\"col-xs-12 col-sm-6 space-bottom col-md-3 \"> <a data-cp-link=\"1\" href=\"http:\/\/version.privacare.fr\/index.php\/gestion-dactifs\" target=\"_blank\" rel=\"noopener\"><img  class=\"face\" src=\"http:\/\/version.privacare.fr\/wp-content\/uploads\/2021\/09\/privasquare_Plan-de-travail-1.png\" title=\"privasquare_Plan de travail 1\" alt=\"\"><\/a> <div  data-type=\"column\" class=\"col-padding-small col-padding-small-xs description-container\">   <\/div> <\/div> <div  class=\"col-xs-12 col-sm-6 space-bottom col-md-3 \"> <a data-cp-link=\"1\" href=\"http:\/\/version.privacare.fr\/index.php\/ingenierie-patrimoniale\" target=\"_blank\" rel=\"noopener\"><img  class=\"face\" src=\"http:\/\/version.privacare.fr\/wp-content\/uploads\/2021\/09\/privasquare-02.png\" title=\"privasquare-02\" alt=\"\"><\/a> <div  data-type=\"column\" class=\"col-padding-small col-padding-small-xs description-container\">   <\/div> <\/div><div  class=\"col-xs-12 col-sm-6 space-bottom col-md-3 \"> <a data-cp-link=\"1\" href=\"http:\/\/version.privacare.fr\/index.php\/conseil-en-investissement-immobilier-2\" target=\"_blank\" rel=\"noopener\"><img  class=\"face\" src=\"http:\/\/version.privacare.fr\/wp-content\/uploads\/2021\/09\/Privacarre-03.png\" title=\"privasquare-05\" alt=\"\"><\/a> <div  data-type=\"column\" class=\"col-padding-small col-padding-small-xs description-container\">   <\/div> <\/div><\/div> <\/div><\/div>","protected":false},"excerpt":{"rendered":"<p>De quoi s\u2019agit-il ? A l\u2019issue de l\u2019\u00e9tude patrimoniale r\u00e9alis\u00e9e pour le client, des pr\u00e9conisations sont mises en avant pour r\u00e9pondre aux besoins initiaux. Ces pr\u00e9conisations peuvent induire des investissements mobiliers. Compte-titre, FIP-FCPI, FCPR, il ne s\u2019agit pas l\u00e0 de faire un inventaire \u00e0 la Pr\u00e9vert, mais de poursuivre notre credo d\u2019accompagnement de nos clients&hellip; <br \/> <a class=\"read-more\" href=\"https:\/\/version.privacare.fr\/index.php\/conseil-investissement-financiers\/\">Lire la suite<\/a><\/p>\n","protected":false},"author":1,"featured_media":541,"parent":0,"menu_order":0,"comment_status":"closed","ping_status":"closed","template":"pro\/page-templates\/full-width-page.php","meta":{"_monsterinsights_skip_tracking":false,"_monsterinsights_sitenote_active":false,"_monsterinsights_sitenote_note":"","_monsterinsights_sitenote_category":0},"_links":{"self":[{"href":"https:\/\/version.privacare.fr\/index.php\/wp-json\/wp\/v2\/pages\/62"}],"collection":[{"href":"https:\/\/version.privacare.fr\/index.php\/wp-json\/wp\/v2\/pages"}],"about":[{"href":"https:\/\/version.privacare.fr\/index.php\/wp-json\/wp\/v2\/types\/page"}],"author":[{"embeddable":true,"href":"https:\/\/version.privacare.fr\/index.php\/wp-json\/wp\/v2\/users\/1"}],"replies":[{"embeddable":true,"href":"https:\/\/version.privacare.fr\/index.php\/wp-json\/wp\/v2\/comments?post=62"}],"version-history":[{"count":0,"href":"https:\/\/version.privacare.fr\/index.php\/wp-json\/wp\/v2\/pages\/62\/revisions"}],"wp:featuredmedia":[{"embeddable":true,"href":"https:\/\/version.privacare.fr\/index.php\/wp-json\/wp\/v2\/media\/541"}],"wp:attachment":[{"href":"https:\/\/version.privacare.fr\/index.php\/wp-json\/wp\/v2\/media?parent=62"}],"curies":[{"name":"wp","href":"https:\/\/api.w.org\/{rel}","templated":true}]}}