{"id":298,"date":"2021-09-07T16:25:44","date_gmt":"2021-09-07T14:25:44","guid":{"rendered":"http:\/\/version.privacare.fr\/?page_id=298"},"modified":"2021-10-29T09:49:51","modified_gmt":"2021-10-29T07:49:51","slug":"a-propos-de-privacare","status":"publish","type":"page","link":"https:\/\/version.privacare.fr\/index.php\/a-propos-de-privacare\/","title":{"rendered":"A propos de Privacare"},"content":{"rendered":"<!-- Created with Elementor --><div  id=\"content-1\" class=\"content-12 content-section content-section-spacing\" style=\"background-color: rgb(255, 255, 255); background-image: none;\" data-label=\"Content\" data-id=\"content--1\" data-export-id=\"content-12\" data-category=\"content\">\n<div  class=\"\">\n<div  class=\"row text-center\">\n<h4  class=\"section-title-col\" style=\"text-align: center;\" data-type=\"column\"><\/h4>\n<\/div>\n<div  class=\"row center-xs middle-xs\">\n<div  class=\"col-sm-9\" data-type=\"column\">\n\n<h2  class=\"\" style=\"text-align: center;\">Notre histoire<\/h2><p  class=\"\" style=\"text-align: justify;\">Pens\u00e9 sur un mod\u00e8le d\u2019interprofessionnalit\u00e9 au service de l\u2019individu, c\u2019est en Juin 2020 que le cabinet PRIVACARE est cr\u00e9\u00e9.<br >\nContracation de \u00ab private \u00bb (ce qui rel\u00e8ve du priv\u00e9, de la personne) et de \u00ab care \u00bb (prendre soin) le nom du cabinet rappelle notre essence premi\u00e8re : le conseil personnalis\u00e9.\n<br ><br >\nLes associ\u00e9s fondateurs voient \u00e0 cette \u00e9poque une limite au mod\u00e8le de la gestion de patrimoine. Un tr\u00e8s fort besoin d\u2019accompagnement et de suivi est ressenti mais la mati\u00e8re, trop m\u00e9connue ne trouve pas son public. Les obligations r\u00e8glementaires de la profession repr\u00e9sentaient d\u00e9j\u00e0 un frein ne permettant pas aux structures de s\u2019adapter et de r\u00e9pondre \u00e0 ces nouvelles attentes.\n<br ><br >\n<span style=\"font-weight: 600;\" >Fort de ce constat Privacare a d\u00e9cid\u00e9 d\u2019en terminer avec l\u2019image trop galvaud\u00e9e de la gestion de patrimoine !<\/span><br >\nCe service nous concerne tous : grandes entreprises ou jeunes actifs, patrimoines importants ou en devenir : nous sommes tous concern\u00e9s.<br >\nC\u2019est cette volont\u00e9 de d\u00e9mocratiser et de rendre accessible au plus grand nombre la gestion de patrimoine qui donna un premier \u00e9lan \u00e0 Privacare.\n<br ><br >\nAujourd\u2019hui, et demain encore, nous vous accompagnerons durant les \u00e9tapes de votre vie dans la constitution, le d\u00e9veloppement, la gestion et la transmission de votre patrimoine.<br ><br ><span  style=\"font-weight: 700;\">Alors, ensemble, continuons \u00e0 \u00e9crire votre histoire ?<\/span><\/p>\n\n<\/div>\n<\/div>\n<\/div>\n<\/div><!-- Created with Elementor --><!-- Created with Elementor --><div  data-label=\"Team\" data-id=\"team--1\" data-export-id=\"team-2\" data-category=\"team\" class=\"team-2 content-section content-section-spacing\" id=\"team-1\" style=\"background-color: rgba(130, 22, 83, 0.055); background-image: none;\"><div  class=\"gridContainer\"> <div  class=\"row text-center\"><div  class=\"section-title-col\" data-type=\"column\"> <h2  class=\"\">Notre \u00e9quipe<\/h2> <p  class=\"lead\">D\u00e9couvrez vos interlocuteurs privil\u00e9gi\u00e9s, qui prendront soin de vous et de votre patrimoine.<\/p><\/div> <\/div> <div  class=\"row spaced-cols content-center-sm center-sm\" data-type=\"row\"> <div  class=\"col-sm-6 col-md-4 \"> <div  class=\"card y-move no-padding bordered\"> <img  class=\"face\" src=\"http:\/\/version.privacare.fr\/wp-content\/uploads\/2021\/10\/PMT_Plan-de-travail-1.png\" title=\"PMT_Plan de travail 1\" alt=\"\"> <div  data-type=\"column\" class=\"col-padding-small col-padding-small-xs description-container\">   <h4  class=\"\">Pierre<br >Marquette-Thieffry<\/h4><p  class=\"small\" style=\"font-style: italic;\">Gestionnaire de Patrimoine \u2013 Dirigeant<\/p><div  class=\"social-icons-group\" data-type=\"group\"> <a href=\"#\" target=\"_self\" data-reiki-hidden=\"true\" rel=\"noopener\"><i  class=\"fa icon fa-facebook-square gray\"><\/i><\/a> <a href=\"#\" target=\"_self\" data-reiki-hidden=\"true\" rel=\"noopener\"><i  class=\"fa icon fa-twitter-square gray\"><\/i><\/a> <a href=\"https:\/\/www.linkedin.com\/in\/pierre-marquette-thieffry-a891ba86\" target=\"_blank\" rel=\"noopener\" class=\"\"><i  class=\"fa icon fa-linkedin-square color1\"><\/i><\/a> <a href=\"#\" target=\"_self\" data-reiki-hidden=\"true\" rel=\"noopener\"><i  class=\"fa icon fa-google-plus-square color1\"><\/i><\/a><\/div> <\/div><\/div> <\/div>       <div  class=\"col-sm-6 col-md-4\"> <div  class=\"card y-move no-padding bordered\"> <img  class=\"face\" src=\"http:\/\/version.privacare.fr\/wp-content\/uploads\/2021\/10\/JBA.png\" title=\"JBA\" alt=\"\"> <div  data-type=\"column\" class=\"col-padding-small col-padding-small-xs description-container\">   <h4  class=\"\">\n<br >Jade Bady<\/h4><p  class=\"small\" style=\"font-style: italic;\">Assistante Back-Office<\/p><div  class=\"social-icons-group\" data-type=\"group\"> <a href=\"#\" target=\"_self\" data-reiki-hidden=\"true\" rel=\"noopener\"><i  class=\"fa icon fa-facebook-square gray\"><\/i><\/a> <a href=\"#\" target=\"_self\" data-reiki-hidden=\"true\" rel=\"noopener\"><i  class=\"fa icon fa-twitter-square gray\"><\/i><\/a> <a href=\"https:\/\/www.linkedin.com\/in\/jade-bady-1b4015151\" target=\"_blank\" rel=\"noopener\" class=\"\"><i  class=\"fa icon fa-linkedin-square color1\"><\/i><\/a> <a href=\"#\" target=\"_self\" data-reiki-hidden=\"true\" rel=\"noopener\"><i  class=\"fa icon fa-google-plus-square gray\"><\/i><\/a><\/div> <\/div><\/div> <\/div><\/div> <\/div><\/div><div  data-label=\"Features\" data-id=\"features--1\" data-export-id=\"features-13\" data-category=\"features\" class=\"features-13 content-section content-section-spacing\" id=\"features-1\" style=\"background-color: rgb(255, 255, 255); background-image: none;\"><div  class=\"gridContainer\"> <div  class=\"row text-center\"><div  class=\"section-title-col\" data-type=\"column\"> <h2  class=\"\">Nos valeurs<\/h2> <p  class=\"lead\">D\u00e9couvrez ce qui nous anime, ce qui fait de Privacare ce qu\u2019il est aujourd\u2019hui.<\/p><\/div> <\/div> <div  class=\"row spaced-cols\" data-type=\"row\"> <div  class=\"col col-sm-6 col-md-3 space-bottom\">   <img  class=\"custom-image\" src=\"http:\/\/version.privacare.fr\/wp-content\/uploads\/2021\/09\/respect_Plan-de-travail-1.png\" title=\"respect_Plan de travail 1\" alt=\"\"><h4  class=\"\" style=\"text-align: center;\">Respect<\/h4><p  class=\"\" style=\"text-align: center;\">De nos clients comme de leur patrimoine.&nbsp;Notre mot d\u2019ordre : impartialit\u00e9 et confidentialit\u00e9.&nbsp;<\/p> <\/div> <div  class=\"col col-sm-6 col-md-3 space-bottom\"> <img  class=\"custom-image\" src=\"http:\/\/version.privacare.fr\/wp-content\/uploads\/2021\/09\/bienveillance_Plan-de-travail-1.png\" title=\"bienveillance_Plan de travail 1\" alt=\"\"><h4  class=\"\" style=\"text-align: center;\">Bienveillance<\/h4> <p  class=\"\" style=\"text-align: center;\">Afin de cr\u00e9er une relation de confiance, l\u2019empathie et la probit\u00e9 sont au coeur de nos \u00e9changes.<\/p> <\/div> <div  class=\"col col-sm-6 col-md-3 space-bottom\">  <img  class=\"custom-image\" src=\"http:\/\/version.privacare.fr\/wp-content\/uploads\/2021\/09\/expertise_Plan-de-travail-1.png\" title=\"expertise_Plan de travail 1\" alt=\"\"><h4  class=\"\" style=\"text-align: center;\">Expertise<\/h4><p  class=\"\" style=\"text-align: center;\">Vous accompagner et vous conseiller les meilleurs choix patrimoniaux.<\/p> <\/div> <div  class=\"col col-sm-6 col-md-3 space-bottom\"> <img  class=\"custom-image\" src=\"http:\/\/version.privacare.fr\/wp-content\/uploads\/2021\/09\/dispo_Plan-de-travail-1.png\" title=\"dispo_Plan de travail 1\" alt=\"\"><h4  class=\"\" style=\"text-align: center;\">Disponibilit\u00e9<\/h4> <p  class=\"\" style=\"text-align: center;\">A l\u2019\u00e9coute et pr\u00e9sent tout au long de votre parcours, nous restons \u00e0 disposition en toutes conditions.<\/p> <\/div> <\/div><\/div> <\/div><div  data-label=\"Clients\" data-id=\"clients--2\" data-export-id=\"clients-2\" data-category=\"clients\" class=\"clients-2 content-section content-section-spacing\" id=\"clients-2\" style=\"background-color: rgba(130, 22, 83, 0.055); background-image: none;\"><div  class=\"gridContainer\"> <div  class=\"row\"><div  class=\"section-title-col\" data-type=\"column\"> <h2  class=\"font-700\">Nos partenaires<\/h2> <p  class=\"lead\">D\u00e9couvrez ceux qui chaque jour nous accompagnent et nous soutiennent.<\/p><\/div> <\/div> <div  class=\"row center-xs spaced-cols padding-lr\" data-type=\"row\">  <div  class=\"col-xs-6 col-sm-3 col-md-2\"> <a data-cp-link=\"1\" href=\"https:\/\/canovia.fr\" class=\"\" target=\"_blank\" rel=\"noopener\"><img  src=\"http:\/\/version.privacare.fr\/wp-content\/uploads\/2021\/09\/alpheys_Plan-de-travail-1.png\" class=\"\" title=\"canovia_Plan de travail 1_Plan de travail 1\" alt=\"\"><\/a><\/div> <div  class=\"col-xs-6 col-sm-3 col-md-2\"> <a data-cp-link=\"1\" href=\"https:\/\/www.ecofip.com\" class=\"\" target=\"_blank\" rel=\"noopener\"><img  src=\"http:\/\/version.privacare.fr\/wp-content\/uploads\/2021\/09\/alptis_Plan-de-travail-1.png\" class=\"\" title=\"ecofip_Plan de travail 1\" alt=\"\"><\/a><\/div> <div  class=\"col-xs-6 col-sm-3 col-md-2\"> <a data-cp-link=\"1\" href=\"https:\/\/www.entoria.fr\/fr\" class=\"\" target=\"_blank\" rel=\"noopener\"><img  src=\"http:\/\/version.privacare.fr\/wp-content\/uploads\/2021\/09\/apicil_Plan-de-travail-1.png\" class=\"\" title=\"entoria_Plan de travail 1\" alt=\"\"><\/a><\/div> <div  class=\"col-xs-6 col-sm-3 col-md-2\"> <img  src=\"http:\/\/version.privacare.fr\/wp-content\/uploads\/2021\/09\/april_Plan-de-travail-1.png\" class=\"\" title=\"april_Plan de travail 1\" alt=\"\"><\/div><div  class=\"col-xs-6 col-sm-3 col-md-2\"> <a data-cp-link=\"1\" href=\"https:\/\/www.eres-group.com\" class=\"\" target=\"_blank\" rel=\"noopener\"><img  src=\"http:\/\/version.privacare.fr\/wp-content\/uploads\/2021\/09\/aviva_Plan-de-travail-1.png\" class=\"\" title=\"eres_Plan de travail 1\" alt=\"\"><\/a><\/div><div  class=\"col-xs-6 col-sm-3 col-md-2\"> <a data-cp-link=\"1\" href=\"https:\/\/www.france-valley.com\" class=\"\" target=\"_blank\" rel=\"noopener\"><img  src=\"http:\/\/version.privacare.fr\/wp-content\/uploads\/2021\/09\/canovia_Plan-de-travail-1_Plan-de-travail-1.png\" class=\"\" title=\"cropped-france-valley_Plan-de-travail-1.png\" alt=\"\"><\/a><\/div><div  class=\"col-xs-6 col-sm-3 col-md-2\"> <a data-cp-link=\"1\" href=\"https:\/\/www.generali.fr\" class=\"\" target=\"_blank\" rel=\"noopener\"><img  src=\"http:\/\/version.privacare.fr\/wp-content\/uploads\/2021\/09\/ecofip_Plan-de-travail-1.png\" class=\"\" title=\"generali_Plan de travail 1\" alt=\"\"><\/a><\/div><div  class=\"col-xs-6 col-sm-3 col-md-2\"> <a data-cp-link=\"1\" href=\"https:\/\/www.inter-invest.fr\" class=\"\" target=\"_blank\" rel=\"noopener\"><img  src=\"http:\/\/version.privacare.fr\/wp-content\/uploads\/2021\/09\/entoria_Plan-de-travail-1.png\" class=\"\" title=\"inter invest_Plan de travail 1\" alt=\"\"><\/a><\/div><div  class=\"col-xs-6 col-sm-3 col-md-2\"> <a data-cp-link=\"1\" href=\"https:\/\/123-im.com\" class=\"\" target=\"_blank\" rel=\"noopener\"><img  src=\"http:\/\/version.privacare.fr\/wp-content\/uploads\/2021\/09\/entrepreneur-invest_Plan-de-travail-1.png\" class=\"\" title=\"investment_Plan de travail 1\" alt=\"\"><\/a><\/div><div  class=\"col-xs-6 col-sm-3 col-md-2\"> <a data-cp-link=\"1\" href=\"https:\/\/www2.leemo.fr\" class=\"\" target=\"_blank\" rel=\"noopener\"><img  src=\"http:\/\/version.privacare.fr\/wp-content\/uploads\/2021\/09\/eres_Plan-de-travail-1.png\" class=\"\" title=\"leemoq_Plan de travail 1\" alt=\"\"><\/a><\/div><div  class=\"col-xs-6 col-sm-3 col-md-2\"> <a data-cp-link=\"1\" href=\"https:\/\/www.nortia.fr\" class=\"\" target=\"_blank\" rel=\"noopener\"><img  src=\"http:\/\/version.privacare.fr\/wp-content\/uploads\/2021\/09\/france-valley_Plan-de-travail-1.png\" class=\"\" title=\"noortia_Plan de travail 1\" alt=\"\"><\/a><\/div><div  class=\"col-xs-6 col-sm-3 col-md-2\"> <a data-cp-link=\"1\" href=\"https:\/\/www.perl.fr\" class=\"\" target=\"_self\" rel=\"noopener\"><img  src=\"http:\/\/version.privacare.fr\/wp-content\/uploads\/2021\/09\/generali_Plan-de-travail-1.png\" class=\"\" title=\"perl_Plan de travail 1_Plan de travail 1\" alt=\"\"><\/a><\/div><div  class=\"col-xs-6 col-sm-3 col-md-2\"> <a data-cp-link=\"1\" href=\"https:\/\/www.primonial.com\" class=\"\" target=\"_blank\" rel=\"noopener\"><img  src=\"http:\/\/version.privacare.fr\/wp-content\/uploads\/2021\/09\/inter-invest_Plan-de-travail-1.png\" class=\"\" title=\"primonial_Plan de travail 1\" alt=\"\"><\/a><\/div><div  class=\"col-xs-6 col-sm-3 col-md-2\"> <a data-cp-link=\"1\" href=\"https:\/\/www.pure-invest.fr\" class=\"\" target=\"_blank\" rel=\"noopener\"><img  src=\"http:\/\/version.privacare.fr\/wp-content\/uploads\/2021\/09\/investment_Plan-de-travail-1.png\" class=\"\" title=\"pure invest_Plan de travail 1\" alt=\"\"><\/a><\/div><div  class=\"col-xs-6 col-sm-3 col-md-2\"> <a data-cp-link=\"1\" href=\"https:\/\/www.sofidy.com\" class=\"\" target=\"_blank\" rel=\"noopener\"><img  src=\"http:\/\/version.privacare.fr\/wp-content\/uploads\/2021\/09\/leemoq_Plan-de-travail-1.png\" class=\"\" title=\"sodify_Plan de travail 1\" alt=\"\"><\/a><\/div><div  class=\"col-xs-6 col-sm-3 col-md-2\"> <a data-cp-link=\"1\" href=\"https:\/\/www.swisslife.fr\/home.html\" class=\"\" target=\"_blank\" rel=\"noopener\"><img  src=\"http:\/\/version.privacare.fr\/wp-content\/uploads\/2021\/09\/noortia_Plan-de-travail-1.png\" class=\"\" title=\"swiss life_Plan de travail 1\" alt=\"\"><\/a><\/div><div  class=\"col-xs-6 col-sm-3 col-md-2\"> <a data-cp-link=\"1\" href=\"https:\/\/www.uaflife-patrimoine.fr\" class=\"\" target=\"_blank\" rel=\"noopener\"><img  src=\"http:\/\/version.privacare.fr\/wp-content\/uploads\/2021\/09\/perl_Plan-de-travail-1_Plan-de-travail-1.png\" class=\"\" title=\"UAF LIFE_Plan de travail 1\" alt=\"\"><\/a><\/div><div  class=\"col-xs-6 col-sm-3 col-md-2\"> <a data-cp-link=\"1\" href=\"https:\/\/wealins.com\" class=\"\" target=\"_blank\" rel=\"noopener\"><img  src=\"http:\/\/version.privacare.fr\/wp-content\/uploads\/2021\/09\/primonial_Plan-de-travail-1.png\" class=\"\" title=\"wealins_Plan_de_travail_1-removebg-preview\" alt=\"\"><\/a><\/div><div  class=\"col-xs-6 col-sm-3 col-md-2\"> <a data-cp-link=\"1\" href=\"https:\/\/www.alpheys.com\" class=\"\" target=\"_blank\" rel=\"noopener\"><img  src=\"http:\/\/version.privacare.fr\/wp-content\/uploads\/2021\/09\/pure-invest_Plan-de-travail-1.png\" class=\"\" title=\"alpheys_Plan de travail 1\" alt=\"\"><\/a><\/div><div  class=\"col-xs-6 col-sm-3 col-md-2\"> <a data-cp-link=\"1\" href=\"https:\/\/www.alptis.org\" class=\"\" target=\"_blank\" rel=\"noopener\"><img  src=\"http:\/\/version.privacare.fr\/wp-content\/uploads\/2021\/09\/sodify_Plan-de-travail-1.png\" class=\"\" title=\"alptis_Plan de travail 1\" alt=\"\"><\/a><\/div><div  class=\"col-xs-6 col-sm-3 col-md-2\"> <a data-cp-link=\"1\" href=\"https:\/\/mon.apicil.com\" class=\"\" target=\"_blank\" rel=\"noopener\"><img  src=\"http:\/\/version.privacare.fr\/wp-content\/uploads\/2021\/09\/swiss-life_Plan-de-travail-1.png\" class=\"\" title=\"apicil_Plan de travail 1\" alt=\"\"><\/a><\/div><div  class=\"col-xs-6 col-sm-3 col-md-2\"> <a data-cp-link=\"1\" href=\"https:\/\/www.april.fr\" class=\"\" target=\"_blank\" rel=\"noopener\"><img  src=\"http:\/\/version.privacare.fr\/wp-content\/uploads\/2021\/09\/UAF-LIFE_Plan-de-travail-1.png\" class=\"\" title=\"april_Plan de travail 1\" alt=\"\"><\/a><\/div><div  class=\"col-xs-6 col-sm-3 col-md-2\"> <a data-cp-link=\"1\" href=\"https:\/\/www.aviva.fr\" class=\"\" target=\"_blank\" rel=\"noopener\"><img  src=\"http:\/\/version.privacare.fr\/wp-content\/uploads\/2021\/09\/wealins_Plan_de_travail_1-removebg-preview.png\" class=\"\" title=\"aviva_Plan de travail 1\" alt=\"\"><\/a><\/div><div  class=\"col-xs-6 col-sm-3 col-md-2\"> <a data-cp-link=\"1\" href=\"https:\/\/www.bacchusconseil.com\" class=\"\" target=\"_blank\" rel=\"noopener\"><img  src=\"http:\/\/version.privacare.fr\/wp-content\/uploads\/2021\/09\/bacchus_Plan_de_travail_1-removebg-preview.png\" class=\"\" title=\"bacchus_Plan_de_travail_1-removebg-preview\" alt=\"\"><\/a><\/div><\/div><\/div> <\/div>","protected":false},"excerpt":{"rendered":"<p>Notre histoirePens\u00e9 sur un mod\u00e8le d\u2019interprofessionnalit\u00e9 au service de l\u2019individu, c\u2019est en Juin 2020 que le cabinet PRIVACARE est cr\u00e9\u00e9. Contracation de \u00ab private \u00bb (ce qui rel\u00e8ve du priv\u00e9, de la personne) et de \u00ab care \u00bb (prendre soin) le nom du cabinet rappelle notre essence premi\u00e8re : le conseil personnalis\u00e9. Les associ\u00e9s fondateurs&hellip; <br \/> <a class=\"read-more\" href=\"https:\/\/version.privacare.fr\/index.php\/a-propos-de-privacare\/\">Lire la suite<\/a><\/p>\n","protected":false},"author":1,"featured_media":649,"parent":0,"menu_order":0,"comment_status":"closed","ping_status":"closed","template":"pro\/page-templates\/full-width-page.php","meta":{"_monsterinsights_skip_tracking":false,"_monsterinsights_sitenote_active":false,"_monsterinsights_sitenote_note":"","_monsterinsights_sitenote_category":0},"_links":{"self":[{"href":"https:\/\/version.privacare.fr\/index.php\/wp-json\/wp\/v2\/pages\/298"}],"collection":[{"href":"https:\/\/version.privacare.fr\/index.php\/wp-json\/wp\/v2\/pages"}],"about":[{"href":"https:\/\/version.privacare.fr\/index.php\/wp-json\/wp\/v2\/types\/page"}],"author":[{"embeddable":true,"href":"https:\/\/version.privacare.fr\/index.php\/wp-json\/wp\/v2\/users\/1"}],"replies":[{"embeddable":true,"href":"https:\/\/version.privacare.fr\/index.php\/wp-json\/wp\/v2\/comments?post=298"}],"version-history":[{"count":0,"href":"https:\/\/version.privacare.fr\/index.php\/wp-json\/wp\/v2\/pages\/298\/revisions"}],"wp:featuredmedia":[{"embeddable":true,"href":"https:\/\/version.privacare.fr\/index.php\/wp-json\/wp\/v2\/media\/649"}],"wp:attachment":[{"href":"https:\/\/version.privacare.fr\/index.php\/wp-json\/wp\/v2\/media?parent=298"}],"curies":[{"name":"wp","href":"https:\/\/api.w.org\/{rel}","templated":true}]}}