{"id":287,"date":"2021-09-08T11:52:04","date_gmt":"2021-09-08T09:52:04","guid":{"rendered":"http:\/\/version.privacare.fr\/?page_id=287"},"modified":"2021-09-27T09:59:49","modified_gmt":"2021-09-27T07:59:49","slug":"conseil-en-investissement-immobilier-2","status":"publish","type":"page","link":"https:\/\/version.privacare.fr\/index.php\/conseil-en-investissement-immobilier-2\/","title":{"rendered":"Conseil en investissement immobilier"},"content":{"rendered":"<!-- Created with Elementor --><div  id=\"content-1\" class=\"content-12 content-section content-section-spacing\" style=\"background-color: #ffffff;\" data-label=\"Content\" data-id=\"content--1\" data-export-id=\"content-12\" data-category=\"content\">\n<div  class=\"\">\n<div  class=\"row text-center\">\n<h4  class=\"section-title-col\" style=\"text-align: center;\" data-type=\"column\"><\/h4>\n<\/div>\n<div  class=\"row center-xs middle-xs\">\n<div  class=\"col-sm-9\" data-type=\"column\">\n\n<h2  class=\"\" style=\"text-align: center;\">De quoi s\u2019agit-il ?<\/h2><p  class=\"\" style=\"text-align: justify;\">\n<br >Parmi les pr\u00e9conisations avanc\u00e9es, certaines peuvent mettre en exergue l\u2019int\u00e9r\u00eat et l\u2019opportunit\u00e9 de recourir \u00e0 un investissement dans la pierre, ou la pierre-papier. Qu\u2019il s\u2019agisse de valoriser son patrimoine, de le diversifier en int\u00e9grant un nouvel actif ou encore de venir travailler certains aspects (fiscalit\u00e9, transmission, etc&#8230;), Privacare permet \u00e0 ses clients, toujours par son interm\u00e9diaire, de r\u00e9aliser ces investissements. Titulaire de la carte T, nous effectuons des transactions sur immeubles et fonds de commerce pour nos clients (\u00e0 la vente comme \u00e0 l\u2019achat).\n<br ><br >\nNotre mode de travail en architecture ouverte nous permet de s\u00e9lectionner le partenaire de notre choix sans \u00eatre contraints par les produits ou supports.<\/p>\n\n<\/div>\n<\/div>\n<\/div>\n<\/div><!-- Created with Elementor --><div  data-label=\"Content\" data-id=\"content--2\" data-export-id=\"content-12\" data-category=\"content\" class=\"content-12 content-section content-section-spacing\" id=\"content-2\" style=\"background-color: rgba(130, 22, 83, 0.055); background-image: none;\"><div  class=\"gridContainer\"> <div  class=\"row text-center\"><div  class=\"section-title-col\" data-type=\"column\"> <h2  class=\"\" style=\"text-align: center;\">Pour aller plus loin\n<\/h2> <div  data-editable=\"true\" data-name=\"ope-widgets-area\" data-content-shortcode=\"mesmerize_display_widgets_area id=&quot;mesmerize_users_custom_widgets_areas_1&quot; \" class=\"\"><div data-name=\"mesmerize-widgets-area\"><div id=\"block-22\" class=\"widget widget_block\">\n<figure class=\"wp-block-embed is-type-video is-provider-youtube wp-block-embed-youtube wp-embed-aspect-16-9 wp-has-aspect-ratio\"><div class=\"wp-block-embed__wrapper\">\n<div class='embed-container'><iframe title=\"Dessine-moi l&#039;\u00e9co : Comment expliquer la hausse du prix du logement en France ?\" width=\"1920\" height=\"1080\" src=\"https:\/\/www.youtube.com\/embed\/PLUPcgxBnRo?feature=oembed\" frameborder=\"0\" allow=\"accelerometer; autoplay; clipboard-write; encrypted-media; gyroscope; picture-in-picture\" allowfullscreen><\/iframe><\/div>\n<\/div><\/figure>\n<\/div><\/div><\/div><p  class=\"lead\" style=\"text-align: right;\"><span  style=\"font-style: italic;\"><sup >Vid\u00e9o par : <span  style=\"font-weight: 500;\">Dessine-moi l\u2019\u00e9co<\/span><\/sup><\/span><\/p><\/div> <\/div> <div  class=\"row center-xs middle-xs\"> <div  class=\"col-sm-9\" data-type=\"column\"> <\/div> <\/div><\/div> <\/div><!-- Created with Elementor --><div  data-label=\"Features\" data-id=\"features--1\" data-export-id=\"features-16\" data-category=\"features\" class=\"features-16 content-section content-section-spacing\" id=\"features-1\" style=\"background-color: rgb(255, 255, 255); background-image: none;\"><div  class=\"gridContainer\"> <div  class=\"row text-center\"><div  class=\"section-title-col\" data-type=\"column\"> <h5  class=\"\">En compl\u00e9ment :<\/h5><h2  class=\"\">Nos autres prestations<\/h2> <\/div> <\/div> <div  class=\"row spaced-cols\" data-type=\"row\"> <div  class=\"col-xs-12 col-sm-6 space-bottom col-md-3 \"> <a data-cp-link=\"1\" href=\"http:\/\/version.privacare.fr\/index.php\/courtage\" target=\"_blank\" rel=\"noopener\"><img  class=\"face\" src=\"http:\/\/version.privacare.fr\/wp-content\/uploads\/2021\/09\/privasquare-04.png\" title=\"privasquare-04\" alt=\"\"><\/a> <div  data-type=\"column\" class=\"col-padding-small col-padding-small-xs description-container\">   <\/div> <\/div> <div  class=\"col-xs-12 col-sm-6 space-bottom col-md-3 \"> <a data-cp-link=\"1\" href=\"http:\/\/version.privacare.fr\/index.php\/ingenierie-patrimoniale\" target=\"_blank\" rel=\"noopener\"><img  class=\"face\" src=\"http:\/\/version.privacare.fr\/wp-content\/uploads\/2021\/09\/privasquare-02.png\" title=\"privasquare-02\" alt=\"\"><\/a> <div  data-type=\"column\" class=\"col-padding-small col-padding-small-xs description-container\">   <\/div> <\/div> <div  class=\"col-xs-12 col-sm-6 space-bottom col-md-3 \"> <a data-cp-link=\"1\" href=\"http:\/\/version.privacare.fr\/index.php\/gestion-dactifs\" target=\"_blank\" rel=\"noopener\"><img  class=\"face\" src=\"http:\/\/version.privacare.fr\/wp-content\/uploads\/2021\/09\/privasquare_Plan-de-travail-1.png\" title=\"privasquare_Plan de travail 1\" alt=\"\"><\/a> <div  data-type=\"column\" class=\"col-padding-small col-padding-small-xs description-container\">   <\/div> <\/div><div  class=\"col-xs-12 col-sm-6 space-bottom col-md-3 \"> <a data-cp-link=\"1\" href=\"http:\/\/version.privacare.fr\/index.php\/conseil-investissement-financiers\" target=\"_blank\" rel=\"noopener\"><img  class=\"face\" src=\"http:\/\/version.privacare.fr\/wp-content\/uploads\/2021\/09\/Privacarre-05.png\" title=\"Privacarre-05\" alt=\"\"><\/a> <div  data-type=\"column\" class=\"col-padding-small col-padding-small-xs description-container\">   <\/div> <\/div><\/div> <\/div><\/div>","protected":false},"excerpt":{"rendered":"<p>De quoi s\u2019agit-il ? Parmi les pr\u00e9conisations avanc\u00e9es, certaines peuvent mettre en exergue l\u2019int\u00e9r\u00eat et l\u2019opportunit\u00e9 de recourir \u00e0 un investissement dans la pierre, ou la pierre-papier. Qu\u2019il s\u2019agisse de valoriser son patrimoine, de le diversifier en int\u00e9grant un nouvel actif ou encore de venir travailler certains aspects (fiscalit\u00e9, transmission, etc&#8230;), Privacare permet \u00e0 ses&hellip; <br \/> <a class=\"read-more\" href=\"https:\/\/version.privacare.fr\/index.php\/conseil-en-investissement-immobilier-2\/\">Lire la suite<\/a><\/p>\n","protected":false},"author":1,"featured_media":550,"parent":0,"menu_order":0,"comment_status":"closed","ping_status":"closed","template":"pro\/page-templates\/full-width-page.php","meta":{"_monsterinsights_skip_tracking":false,"_monsterinsights_sitenote_active":false,"_monsterinsights_sitenote_note":"","_monsterinsights_sitenote_category":0},"_links":{"self":[{"href":"https:\/\/version.privacare.fr\/index.php\/wp-json\/wp\/v2\/pages\/287"}],"collection":[{"href":"https:\/\/version.privacare.fr\/index.php\/wp-json\/wp\/v2\/pages"}],"about":[{"href":"https:\/\/version.privacare.fr\/index.php\/wp-json\/wp\/v2\/types\/page"}],"author":[{"embeddable":true,"href":"https:\/\/version.privacare.fr\/index.php\/wp-json\/wp\/v2\/users\/1"}],"replies":[{"embeddable":true,"href":"https:\/\/version.privacare.fr\/index.php\/wp-json\/wp\/v2\/comments?post=287"}],"version-history":[{"count":0,"href":"https:\/\/version.privacare.fr\/index.php\/wp-json\/wp\/v2\/pages\/287\/revisions"}],"wp:featuredmedia":[{"embeddable":true,"href":"https:\/\/version.privacare.fr\/index.php\/wp-json\/wp\/v2\/media\/550"}],"wp:attachment":[{"href":"https:\/\/version.privacare.fr\/index.php\/wp-json\/wp\/v2\/media?parent=287"}],"curies":[{"name":"wp","href":"https:\/\/api.w.org\/{rel}","templated":true}]}}