{"id":265,"date":"2021-09-07T15:27:05","date_gmt":"2021-09-07T13:27:05","guid":{"rendered":"http:\/\/version.privacare.fr\/?page_id=265"},"modified":"2021-10-29T09:16:02","modified_gmt":"2021-10-29T07:16:02","slug":"vous-etes-un-professionnel","status":"publish","type":"page","link":"https:\/\/version.privacare.fr\/index.php\/vous-etes-un-professionnel\/","title":{"rendered":"Vous \u00eates un professionnel"},"content":{"rendered":"<!-- Created with Elementor --><div  id=\"content-1\" class=\"content-12 content-section content-section-spacing\" style=\"background-color: #ffffff;\" data-label=\"Content\" data-id=\"content--1\" data-export-id=\"content-12\" data-category=\"content\">\n<div  class=\"\">\n<div  class=\"row text-center\">\n<h4  class=\"section-title-col\" style=\"text-align: center;\" data-type=\"column\"><\/h4>\n<\/div>\n<div  class=\"row center-xs middle-xs\">\n<div  class=\"col-sm-9\" data-type=\"column\">\n\n<h2  class=\"\" style=\"text-align: center;\">Notre expertise\n<\/h2><p  class=\"\" style=\"text-align: justify;\">Mandataires sociaux, dirigeant.e.s ou encore professions lib\u00e9rales, vous vous interrogez sur les possibilit\u00e9s d\u2019optimisation de la gestion de votre patrimoine professionnel.\n<br ><br >\nPrivacare est \u00e0 vos c\u00f4t\u00e9s tout au long de la vie de votre entreprise, v\u00e9ritable t\u00e9moin privil\u00e9gi\u00e9 de votre cheminement. Du choix de statut juridique \u00e0 la cr\u00e9ation, en passant par son d\u00e9veloppement, l\u2019optimisation de la r\u00e9mun\u00e9ration ou encore la transmission des droits sociaux : nous vous accompagnons au quotidien pour faciliter votre gestion. Travaillant de concert avec vos autres conseill\u00e9s (Avocats, notaires, experts-comptables\u2026) nous orchestrons votre patrimoine conform\u00e9ment aux objectifs que vous avez fix\u00e9s.\n<br ><br >\nPour cela, nous \u0153uvrons afin de vous conseiller sur un large \u00e9ventail de th\u00e9matiques patrimoniales et travaillons notre r\u00e9seau afin de vous orienter vers les meilleurs sp\u00e9cialistes de chaque domaine.\n<br ><br >\n<span  style=\"font-weight: 600;\">Notre probl\u00e9matique ?<\/span> Concevoir et mettre en place des solutions in\u00e9dites et personnalis\u00e9es permettant une cr\u00e9ation de valeur pour l\u2019entreprise et ceux qui la dirige.<\/p>\n\n<\/div>\n<\/div>\n<\/div>\n<\/div><!-- Created with Elementor --><div  data-label=\"Features\" data-id=\"features--1\" data-export-id=\"features-13\" data-category=\"features\" class=\"features-13 content-section content-section-spacing\" id=\"features-1\" style=\"background-color: rgba(130, 22, 83, 0.055); background-image: none;\"><div  class=\"gridContainer\"> <div  class=\"row text-center\"><div  class=\"section-title-col\" data-type=\"column\"> <h2  class=\"\" style=\"text-align: center;\">Vos objectifs\n<\/h2> <\/div> <\/div> <div  class=\"row spaced-cols\" data-type=\"row\"> <div  class=\"col col-sm-6 col-md-3 space-bottom\">  <img  class=\"custom-image\" src=\"http:\/\/version.privacare.fr\/wp-content\/uploads\/2021\/09\/cropped-protec_Plan-de-travail-1.png\" title=\"cropped-protec_Plan-de-travail-1.png\" alt=\"\"><h4  class=\"\" style=\"text-align: center;\">Prot\u00e9ger mon&nbsp;\n<br >entreprise<\/h4> <p  class=\"\" style=\"text-align: center;\">Anticiper la succession en cas de d\u00e9c\u00e8s, se pr\u00e9munir face \u00e0 l\u2019incapacit\u00e9, p\u00e9renniser l\u2019entreprise en cas d\u2019accident.<\/p> <\/div> <div  class=\"col col-sm-6 col-md-3 space-bottom\">   <img  class=\"custom-image\" src=\"http:\/\/version.privacare.fr\/wp-content\/uploads\/2021\/09\/arrow_Plan-de-travail-1.png\" title=\"arrow_Plan de travail 1\" alt=\"\"><h4  class=\"\" style=\"text-align: center;\">Dynamiser ma tr\u00e9sorerie<\/h4><p  class=\"\" style=\"text-align: center;\">D\u00e9velopper une vision \u00e0 court et long terme, acc\u00e9der au march\u00e9 financier et diversifier vos investissements.<\/p><\/div> <div  class=\"col col-sm-6 col-md-3 space-bottom\">   <img  class=\"custom-image\" src=\"http:\/\/version.privacare.fr\/wp-content\/uploads\/2021\/09\/map_Plan-de-travail-1.png\" title=\"map_Plan de travail 1\" alt=\"\"><h4  class=\"\" style=\"text-align: center;\">Pr\u00e9parer ma transmission<\/h4><p  class=\"\" style=\"text-align: center;\">Faire un audit patrimonial et civil, s\u2019appuyer sur le droit des soci\u00e9t\u00e9s et l\u2019optimisation fiscale, vous accompagner au changement.<\/p><\/div> <div  class=\"col col-sm-6 col-md-3 space-bottom\">  <img  class=\"custom-image\" src=\"http:\/\/version.privacare.fr\/wp-content\/uploads\/2021\/09\/audit_Plan-de-travail-1.png\" title=\"audit_Plan de travail 1\" alt=\"\"><h4  class=\"\" style=\"text-align: center;\">Optimiser ma r\u00e9mun\u00e9ration<\/h4><p  class=\"\" style=\"text-align: center;\">Primes, dividendes, avantages en nature : vous apporter des solutions adapt\u00e9es et vous aiguiller dans vos choix.<\/p> <\/div> <\/div><\/div> <\/div><!-- Created with Elementor --><div  data-label=\"Features\" data-id=\"features--2\" data-export-id=\"features-16\" data-category=\"features\" class=\"features-16 content-section content-section-spacing\" id=\"features-2\" style=\"background-color: rgb(255, 255, 255); background-image: none;\"><div  class=\"gridContainer\"> <div  class=\"row text-center\"><div  class=\"section-title-col\" data-type=\"column\"> <h2  class=\"\">Nos solutions<\/h2> <\/div> <\/div> <div  class=\"row spaced-cols\" data-type=\"row\"> <div  class=\"col-xs-12 col-sm-6 space-bottom col-md-3 \"> <a data-cp-link=\"1\" href=\"http:\/\/version.privacare.fr\/index.php\/conseil-en-investissement-immobilier-2\" target=\"_self\" rel=\"noopener\"><img  class=\"face\" src=\"http:\/\/version.privacare.fr\/wp-content\/uploads\/2021\/09\/Privacarre-03.png\" title=\"privasquare-05\" alt=\"\"><\/a> <div  data-type=\"column\" class=\"col-padding-small col-padding-small-xs description-container\">   <\/div> <\/div> <div  class=\"col-xs-12 col-sm-6 space-bottom col-md-3 \"> <a data-cp-link=\"1\" href=\"http:\/\/version.privacare.fr\/index.php\/conseil-investissement-financiers\" target=\"_self\" rel=\"noopener\"><img  class=\"face\" src=\"http:\/\/version.privacare.fr\/wp-content\/uploads\/2021\/09\/Privacarre-05.png\" title=\"privasquare-03\" alt=\"\"><\/a> <div  data-type=\"column\" class=\"col-padding-small col-padding-small-xs description-container\">   <\/div> <\/div> <div  class=\"col-xs-12 col-sm-6 space-bottom col-md-3 \"> <a data-cp-link=\"1\" href=\"http:\/\/version.privacare.fr\/index.php\/courtage\" target=\"_self\" rel=\"noopener\"><img  class=\"face\" src=\"http:\/\/version.privacare.fr\/wp-content\/uploads\/2021\/09\/privasquare-04.png\" title=\"privasquare-04\" alt=\"\"><\/a> <div  data-type=\"column\" class=\"col-padding-small col-padding-small-xs description-container\">   <\/div> <\/div><div  class=\"col-xs-12 col-sm-6 space-bottom col-md-3 \"> <a data-cp-link=\"1\" href=\"http:\/\/version.privacare.fr\/index.php\/gestion-dactifs\" target=\"_blank\" rel=\"noopener\"><img  class=\"face\" src=\"http:\/\/version.privacare.fr\/wp-content\/uploads\/2021\/09\/privasquare_Plan-de-travail-1.png\" title=\"privasquare_Plan de travail 1\" alt=\"\"><\/a> <div  data-type=\"column\" class=\"col-padding-small col-padding-small-xs description-container\">   <\/div> <\/div><\/div> <\/div><\/div>","protected":false},"excerpt":{"rendered":"<p>Notre expertise Mandataires sociaux, dirigeant.e.s ou encore professions lib\u00e9rales, vous vous interrogez sur les possibilit\u00e9s d\u2019optimisation de la gestion de votre patrimoine professionnel. Privacare est \u00e0 vos c\u00f4t\u00e9s tout au long de la vie de votre entreprise, v\u00e9ritable t\u00e9moin privil\u00e9gi\u00e9 de votre cheminement. Du choix de statut juridique \u00e0 la cr\u00e9ation, en passant par son&hellip; <br \/> <a class=\"read-more\" href=\"https:\/\/version.privacare.fr\/index.php\/vous-etes-un-professionnel\/\">Lire la suite<\/a><\/p>\n","protected":false},"author":1,"featured_media":675,"parent":0,"menu_order":0,"comment_status":"closed","ping_status":"closed","template":"pro\/page-templates\/full-width-page.php","meta":{"_monsterinsights_skip_tracking":false,"_monsterinsights_sitenote_active":false,"_monsterinsights_sitenote_note":"","_monsterinsights_sitenote_category":0},"_links":{"self":[{"href":"https:\/\/version.privacare.fr\/index.php\/wp-json\/wp\/v2\/pages\/265"}],"collection":[{"href":"https:\/\/version.privacare.fr\/index.php\/wp-json\/wp\/v2\/pages"}],"about":[{"href":"https:\/\/version.privacare.fr\/index.php\/wp-json\/wp\/v2\/types\/page"}],"author":[{"embeddable":true,"href":"https:\/\/version.privacare.fr\/index.php\/wp-json\/wp\/v2\/users\/1"}],"replies":[{"embeddable":true,"href":"https:\/\/version.privacare.fr\/index.php\/wp-json\/wp\/v2\/comments?post=265"}],"version-history":[{"count":0,"href":"https:\/\/version.privacare.fr\/index.php\/wp-json\/wp\/v2\/pages\/265\/revisions"}],"wp:featuredmedia":[{"embeddable":true,"href":"https:\/\/version.privacare.fr\/index.php\/wp-json\/wp\/v2\/media\/675"}],"wp:attachment":[{"href":"https:\/\/version.privacare.fr\/index.php\/wp-json\/wp\/v2\/media?parent=265"}],"curies":[{"name":"wp","href":"https:\/\/api.w.org\/{rel}","templated":true}]}}