{"id":257,"date":"2021-09-07T15:12:01","date_gmt":"2021-09-07T13:12:01","guid":{"rendered":"http:\/\/version.privacare.fr\/?page_id=257"},"modified":"2021-10-29T09:22:08","modified_gmt":"2021-10-29T07:22:08","slug":"vous-etes-un-particulier","status":"publish","type":"page","link":"https:\/\/version.privacare.fr\/index.php\/vous-etes-un-particulier\/","title":{"rendered":"Vous \u00eates un particulier"},"content":{"rendered":"<!-- Created with Elementor --><div  id=\"content-1\" class=\"content-12 content-section content-section-spacing\" style=\"background-color: #ffffff;\" data-label=\"Content\" data-id=\"content--1\" data-export-id=\"content-12\" data-category=\"content\">\r\n<div  class=\"\">\r\n<div  class=\"row text-center\">\r\n<h4  class=\"section-title-col\" style=\"text-align: center;\" data-type=\"column\"><\/h4>\r\n<\/div>\r\n<div  class=\"row center-xs middle-xs\">\r\n<div  class=\"col-sm-9\" data-type=\"column\">\r\n\r\n<h2  class=\"\" style=\"text-align: center;\">Notre expertise\r\n<\/h2><p  class=\"\" style=\"text-align: justify;\">Les probl\u00e9matiques du cercle priv\u00e9 sont bien souvent les plus subtiles \u00e0 traiter. Les ant\u00e9c\u00e9dents familiaux, les parcours de vie particuliers, les probl\u00e9matiques juridiques (successorales, fiscales, civiles\u2026) aboutissent bien souvent \u00e0 un v\u00e9ritable casse-t\u00eate.\r\n<br ><br >\r\nVotre situation personnelle est complexe et \u00e9volue sans cesse. Cela n\u00e9cessite d\u2019anticiper au mieux l\u2019organisation de votre patrimoine afin de pouvoir r\u00e9pondre \u00e0 ces ajustements.\r\n<br ><br >\r\nPrivacare est l\u00e0 pour vous accompagner tout au long de votre vie : de l\u2019acquisition, de la d\u00e9tention jusqu\u2019\u00e0 la transmission de votre patrimoine. Tel un m\u00e9decin g\u00e9n\u00e9raliste du patrimoine, nous travaillons ensemble sur vos probl\u00e9matiques patrimoniales priv\u00e9es.\r\n<br ><br >\r\n<span style=\"font-weight: 600;\" >Notre mission ?<\/span> Vous apporter des conseils personnalis\u00e9s et adapt\u00e9s \u00e0 vos besoins sur les aspects financiers, immobiliers et juridiques de votre patrimoine. Cela en cr\u00e9ant une relation de confiance r\u00e9ciproque et cr\u00e9atrice de valeur.<\/p>\r\n\r\n<\/div>\r\n<\/div>\r\n<\/div>\r\n<\/div><!-- Created with Elementor --><div  data-label=\"Features\" data-id=\"features--1\" data-export-id=\"features-13\" data-category=\"features\" class=\"features-13 content-section content-section-spacing\" id=\"features-1\" style=\"background-color: rgba(130, 22, 83, 0.055); background-image: none;\"><div  class=\"gridContainer\"> <div  class=\"row text-center\"><div  class=\"section-title-col\" data-type=\"column\"> <h2  class=\"\" style=\"text-align: center;\">Vos objectifs\r\n<\/h2> <\/div> <\/div> <div  class=\"row spaced-cols\" data-type=\"row\"> <div  class=\"col col-sm-6 col-md-3 space-bottom\">  <img  class=\"custom-image\" src=\"http:\/\/version.privacare.fr\/wp-content\/uploads\/2021\/09\/RETRAITE_Plan-de-travail-1.png\" title=\"RETRAITE_Plan de travail 1\" alt=\"\"><h4  class=\"\" style=\"text-align: center;\">Pr\u00e9parer\r\n<br >ma retraite<\/h4> <p  class=\"\" style=\"text-align: center;\">Constituer une rente suppl\u00e9mentaire, d\u00e9terminer la part de revenu manquant, organiser le patrimoine cumul\u00e9.<\/p> <\/div> <div  class=\"col col-sm-6 col-md-3 space-bottom\">   <img  class=\"custom-image\" src=\"http:\/\/version.privacare.fr\/wp-content\/uploads\/2021\/09\/optimizer_Plan-de-travail-1.png\" title=\"optimizer_Plan de travail 1\" alt=\"\"><h4  class=\"\" style=\"text-align: center;\">Optimiser\r\n<br >ma fiscalit\u00e9<\/h4><p  class=\"\" style=\"text-align: center;\">R\u00e9aliser un bilan patrimonial complet, mesurer l\u2019incidence fiscale, fixer des objectifs qui vous ressemblent.<\/p><\/div> <div  class=\"col col-sm-6 col-md-3 space-bottom\">   <img  class=\"custom-image\" src=\"http:\/\/version.privacare.fr\/wp-content\/uploads\/2021\/09\/protec_Plan-de-travail-1.png\" title=\"protec_Plan de travail 1\" alt=\"\"><h4  class=\"\" style=\"text-align: center;\">Prot\u00e9ger\r\n<br >mes proches<\/h4><p  class=\"\" style=\"text-align: center;\">Prendre des dispositions juridiques, se pr\u00e9munir face aux impr\u00e9vus de la vie, proposer des dispositions adapt\u00e9es.<\/p><\/div> <div  class=\"col col-sm-6 col-md-3 space-bottom\">  <img  class=\"custom-image\" src=\"http:\/\/version.privacare.fr\/wp-content\/uploads\/2021\/09\/INCREASE_Plan-de-travail-1-1.png\" title=\"INCREASE_Plan de travail 1\" alt=\"\"><h4  class=\"\" style=\"text-align: center;\">Valoriser\r\n<br >mon \u00e9pargne<\/h4><p  class=\"\" style=\"text-align: center;\">D\u00e9terminer une strat\u00e9gie, diversifier vos classes d\u2019actifs, suivre vos placements et faire des ajustements.<\/p> <\/div> <\/div><\/div> <\/div><!-- Created with Elementor --><div  data-label=\"Features\" data-id=\"features--2\" data-export-id=\"features-16\" data-category=\"features\" class=\"features-16 content-section content-section-spacing\" id=\"features-2\" style=\"background-color: rgb(255, 255, 255); background-image: none;\"><div  class=\"gridContainer\"> <div  class=\"row text-center\"><div  class=\"section-title-col\" data-type=\"column\"> <h2  class=\"\">Nos solutions<\/h2> <\/div> <\/div> <div  class=\"row spaced-cols\" data-type=\"row\"> <div  class=\"col-xs-12 col-sm-6 space-bottom col-md-3 \"> <a data-cp-link=\"1\" href=\"http:\/\/version.privacare.fr\/index.php\/ingenierie-patrimoniale\" target=\"_blank\" rel=\"noopener\"><img  class=\"face\" src=\"http:\/\/version.privacare.fr\/wp-content\/uploads\/2021\/09\/privasquare-02.png\" title=\"privasquare-02\" alt=\"\"><\/a> <div  data-type=\"column\" class=\"col-padding-small col-padding-small-xs description-container\">   <\/div> <\/div> <div  class=\"col-xs-12 col-sm-6 space-bottom col-md-3 \"> <a data-cp-link=\"1\" href=\"http:\/\/version.privacare.fr\/index.php\/gestion-dactifs\" target=\"_blank\" rel=\"noopener\"><img  class=\"face\" src=\"http:\/\/version.privacare.fr\/wp-content\/uploads\/2021\/09\/privasquare_Plan-de-travail-1.png\" title=\"privasquare_Plan de travail 1\" alt=\"\"><\/a> <div  data-type=\"column\" class=\"col-padding-small col-padding-small-xs description-container\">   <\/div> <\/div> <div  class=\"col-xs-12 col-sm-6 space-bottom col-md-3 \"> <a data-cp-link=\"1\" href=\"http:\/\/version.privacare.fr\/index.php\/courtage\" target=\"_blank\" rel=\"noopener\"><img  class=\"face\" src=\"http:\/\/version.privacare.fr\/wp-content\/uploads\/2021\/09\/privasquare-04.png\" title=\"privasquare-04\" alt=\"\"><\/a> <div  data-type=\"column\" class=\"col-padding-small col-padding-small-xs description-container\">   <\/div> <\/div><div  class=\"col-xs-12 col-sm-6 space-bottom col-md-3 \"> <a data-cp-link=\"1\" href=\"http:\/\/version.privacare.fr\/index.php\/conseil-investissement-financiers\" target=\"_blank\" rel=\"noopener\"><img  class=\"face\" src=\"http:\/\/version.privacare.fr\/wp-content\/uploads\/2021\/09\/Privacarre-05.png\" title=\"privasquare-05\" alt=\"\"><\/a> <div  data-type=\"column\" class=\"col-padding-small col-padding-small-xs description-container\">   <\/div> <\/div><\/div> <\/div><\/div>","protected":false},"excerpt":{"rendered":"<p>Notre expertise Les probl\u00e9matiques du cercle priv\u00e9 sont bien souvent les plus subtiles \u00e0 traiter. Les ant\u00e9c\u00e9dents familiaux, les parcours de vie particuliers, les probl\u00e9matiques juridiques (successorales, fiscales, civiles\u2026) aboutissent bien souvent \u00e0 un v\u00e9ritable casse-t\u00eate. Votre situation personnelle est complexe et \u00e9volue sans cesse. Cela n\u00e9cessite d\u2019anticiper au mieux l\u2019organisation de votre patrimoine afin&hellip; <br \/> <a class=\"read-more\" href=\"https:\/\/version.privacare.fr\/index.php\/vous-etes-un-particulier\/\">Lire la suite<\/a><\/p>\n","protected":false},"author":1,"featured_media":637,"parent":0,"menu_order":0,"comment_status":"closed","ping_status":"closed","template":"pro\/page-templates\/full-width-page.php","meta":{"_monsterinsights_skip_tracking":false,"_monsterinsights_sitenote_active":false,"_monsterinsights_sitenote_note":"","_monsterinsights_sitenote_category":0},"_links":{"self":[{"href":"https:\/\/version.privacare.fr\/index.php\/wp-json\/wp\/v2\/pages\/257"}],"collection":[{"href":"https:\/\/version.privacare.fr\/index.php\/wp-json\/wp\/v2\/pages"}],"about":[{"href":"https:\/\/version.privacare.fr\/index.php\/wp-json\/wp\/v2\/types\/page"}],"author":[{"embeddable":true,"href":"https:\/\/version.privacare.fr\/index.php\/wp-json\/wp\/v2\/users\/1"}],"replies":[{"embeddable":true,"href":"https:\/\/version.privacare.fr\/index.php\/wp-json\/wp\/v2\/comments?post=257"}],"version-history":[{"count":0,"href":"https:\/\/version.privacare.fr\/index.php\/wp-json\/wp\/v2\/pages\/257\/revisions"}],"wp:featuredmedia":[{"embeddable":true,"href":"https:\/\/version.privacare.fr\/index.php\/wp-json\/wp\/v2\/media\/637"}],"wp:attachment":[{"href":"https:\/\/version.privacare.fr\/index.php\/wp-json\/wp\/v2\/media?parent=257"}],"curies":[{"name":"wp","href":"https:\/\/api.w.org\/{rel}","templated":true}]}}