{"id":241,"date":"2021-09-07T13:11:47","date_gmt":"2021-09-07T11:11:47","guid":{"rendered":"http:\/\/version.privacare.fr\/?page_id=241"},"modified":"2021-09-27T09:51:40","modified_gmt":"2021-09-27T07:51:40","slug":"vous-etes-un-expatrie","status":"publish","type":"page","link":"https:\/\/version.privacare.fr\/index.php\/vous-etes-un-expatrie\/","title":{"rendered":"Vous \u00eates un expatri\u00e9"},"content":{"rendered":"<!-- Created with Elementor --><div  id=\"content-1\" class=\"content-12 content-section content-section-spacing\" style=\"background-color: #ffffff;\" data-label=\"Content\" data-id=\"content--1\" data-export-id=\"content-12\" data-category=\"content\">\n<div  class=\"\">\n<div  class=\"row text-center\">\n<h4  class=\"section-title-col\" style=\"text-align: center;\" data-type=\"column\"><\/h4>\n<\/div>\n<div  class=\"row center-xs middle-xs\">\n<div  class=\"col-sm-9\" data-type=\"column\">\n\n<h2  class=\"\" style=\"text-align: center;\">Notre expertise\n<\/h2><p  class=\"\" style=\"text-align: left;\">En tant qu\u2019expatri\u00e9, vous \u00eates confront\u00e9s \u00e0 des probl\u00e9matiques propres \u00e0 votre statut de non-r\u00e9sident. Ces sp\u00e9cificit\u00e9s, qu\u2019elles soient juridiques ou fiscales, sont \u00e0 prendre en compte dans la mise en place de votre strat\u00e9gie patrimoniale.\n<br ><br >\nPour cela, Privacare vous accompagne tout au long de votre processus : avant votre d\u00e9part, pendant votre expatriation ou encore lors de votre retour en France. Ensemble, nous mettrons au point une strat\u00e9gie sur-mesure prenant en compte la singularit\u00e9 de votre cadre familial, vos fluctuations de revenus, ou tout autre besoin propre \u00e0 votre situation.\n<br ><br >\n<span style=\"font-weight: 600;\" >Notre mission ?<\/span> Optimiser votre gestion en prenant en compte les diff\u00e9rents impacts engendr\u00e9s par l\u2019expatriation et vos imp\u00e9ratifs en termes de pr\u00e9voyance, de fiscalit\u00e9 mais surtout la prise en compte de vos droits \u00e0 la retraite !\n<br ><br >\nUne mission que nous saurons assurer gr\u00e2ce \u00e0 une expertise pointue et un large r\u00e9seau professionnel.<\/p>\n\n<\/div>\n<\/div>\n<\/div>\n<\/div><!-- Created with Elementor --><div  data-label=\"Features\" data-id=\"features--1\" data-export-id=\"features-13\" data-category=\"features\" class=\"features-13 content-section content-section-spacing\" id=\"features-1\" style=\"background-color: rgba(130, 22, 83, 0.055); background-image: none;\"><div  class=\"gridContainer\"> <div  class=\"row text-center\"><div  class=\"section-title-col\" data-type=\"column\"> <h2  class=\"\" style=\"text-align: center;\">Vos objectifs\n<\/h2> <\/div> <\/div> <div  class=\"row spaced-cols\" data-type=\"row\"> <div  class=\"col col-sm-6 col-md-3 space-bottom\">  <img  class=\"custom-image\" src=\"http:\/\/version.privacare.fr\/wp-content\/uploads\/2021\/09\/Sans-titre-3_Plan-de-travail-1.png\" title=\"Sans titre - 3_Plan de travail 1\" alt=\"\"><h4  class=\"\" style=\"text-align: center;\">Choisir mes<br >placements&nbsp;<\/h4> <p  class=\"\" style=\"text-align: center;\">D\u00e9finir votre situation, d\u00e9terminer vos objectifs, vous proposer et vous conseiller des placements.<\/p> <\/div> <div  class=\"col col-sm-6 col-md-3 space-bottom\">   <img  class=\"custom-image\" src=\"http:\/\/version.privacare.fr\/wp-content\/uploads\/2021\/09\/CALENDAAR_Plan-de-travail-1.png\" title=\"CALENDAAR_Plan de travail 1\" alt=\"\"><h4  class=\"\" style=\"text-align: center;\">Planification<br >financi\u00e8re<\/h4><p  class=\"\" style=\"text-align: center;\">Construire un portefeuille adapt\u00e9 \u00e0 vos besoins et objectifs de placements d\u00e9finis en amont.<\/p><\/div> <div  class=\"col col-sm-6 col-md-3 space-bottom\">   <img  class=\"custom-image\" src=\"http:\/\/version.privacare.fr\/wp-content\/uploads\/2021\/09\/EARTH_Plan-de-travail-1.png\" title=\"EARTH_Plan de travail 1\" alt=\"\"><h4  class=\"\" style=\"text-align: center;\">Gestion du patrimoine&nbsp;<\/h4><p  class=\"\" style=\"text-align: center;\">Aide \u00e0 la gestion de vos biens immobiliers, d\u00e9terminer l\u2019utilit\u00e9 de vos placements \u00e0 l\u2019\u00e9tranger.<\/p><\/div> <div  class=\"col col-sm-6 col-md-3 space-bottom\">  <img  class=\"custom-image\" src=\"http:\/\/version.privacare.fr\/wp-content\/uploads\/2021\/09\/RETRAITE_Plan-de-travail-1.png\" title=\"RETRAITE_Plan de travail 1\" alt=\"\"><h4  class=\"\" style=\"text-align: center;\">Pr\u00e9parer \n<br >ma retraite<\/h4><p  class=\"\" style=\"text-align: center;\">Investir en anticipant, \u00e9tudier les diff\u00e9rents placements possibles et leurs apports.<\/p> <\/div> <\/div><\/div> <\/div><!-- Created with Elementor --><div  data-label=\"Features\" data-id=\"features--2\" data-export-id=\"features-16\" data-category=\"features\" class=\"features-16 content-section content-section-spacing\" id=\"features-2\" style=\"background-color: rgb(255, 255, 255); background-image: none;\"><div  class=\"gridContainer\"> <div  class=\"row text-center\"><div  class=\"section-title-col\" data-type=\"column\"> <h2  class=\"\">Nos solutions<\/h2> <\/div> <\/div> <div  class=\"row spaced-cols\" data-type=\"row\"> <div  class=\"col-xs-12 col-sm-6 space-bottom col-md-3 \"> <a data-cp-link=\"1\" href=\"http:\/\/version.privacare.fr\/index.php\/ingenierie-patrimoniale\" target=\"_blank\" rel=\"noopener\"><img  class=\"face\" src=\"http:\/\/version.privacare.fr\/wp-content\/uploads\/2021\/09\/privasquare-02.png\" title=\"privasquare-02\" alt=\"\"><\/a> <div  data-type=\"column\" class=\"col-padding-small col-padding-small-xs description-container\">   <\/div> <\/div> <div  class=\"col-xs-12 col-sm-6 space-bottom col-md-3 \"> <a data-cp-link=\"1\" href=\"http:\/\/version.privacare.fr\/index.php\/gestion-dactifs\" target=\"_blank\" rel=\"noopener\"><img  class=\"face\" src=\"http:\/\/version.privacare.fr\/wp-content\/uploads\/2021\/09\/privasquare_Plan-de-travail-1.png\" title=\"privasquare_Plan de travail 1\" alt=\"\"><\/a> <div  data-type=\"column\" class=\"col-padding-small col-padding-small-xs description-container\">   <\/div> <\/div> <div  class=\"col-xs-12 col-sm-6 space-bottom col-md-3 \"> <a data-cp-link=\"1\" href=\"http:\/\/version.privacare.fr\/index.php\/courtage\" target=\"_blank\" rel=\"noopener\"><img  class=\"face\" src=\"http:\/\/version.privacare.fr\/wp-content\/uploads\/2021\/09\/privasquare-04.png\" title=\"privasquare-04\" alt=\"\"><\/a> <div  data-type=\"column\" class=\"col-padding-small col-padding-small-xs description-container\">   <\/div> <\/div><div  class=\"col-xs-12 col-sm-6 space-bottom col-md-3 \"> <a data-cp-link=\"1\" href=\"http:\/\/version.privacare.fr\/index.php\/conseil-investissement-financiers\" target=\"_blank\" rel=\"noopener\"><img  class=\"face\" src=\"http:\/\/version.privacare.fr\/wp-content\/uploads\/2021\/09\/Privacarre-05.png\" title=\"privasquare-03\" alt=\"\"><\/a> <div  data-type=\"column\" class=\"col-padding-small col-padding-small-xs description-container\">   <\/div> <\/div><\/div> <\/div><\/div>","protected":false},"excerpt":{"rendered":"<p>Notre expertise En tant qu\u2019expatri\u00e9, vous \u00eates confront\u00e9s \u00e0 des probl\u00e9matiques propres \u00e0 votre statut de non-r\u00e9sident. Ces sp\u00e9cificit\u00e9s, qu\u2019elles soient juridiques ou fiscales, sont \u00e0 prendre en compte dans la mise en place de votre strat\u00e9gie patrimoniale. Pour cela, Privacare vous accompagne tout au long de votre processus : avant votre d\u00e9part, pendant votre&hellip; <br \/> <a class=\"read-more\" href=\"https:\/\/version.privacare.fr\/index.php\/vous-etes-un-expatrie\/\">Lire la suite<\/a><\/p>\n","protected":false},"author":1,"featured_media":639,"parent":0,"menu_order":0,"comment_status":"closed","ping_status":"closed","template":"pro\/page-templates\/full-width-page.php","meta":{"_monsterinsights_skip_tracking":false,"_monsterinsights_sitenote_active":false,"_monsterinsights_sitenote_note":"","_monsterinsights_sitenote_category":0},"_links":{"self":[{"href":"https:\/\/version.privacare.fr\/index.php\/wp-json\/wp\/v2\/pages\/241"}],"collection":[{"href":"https:\/\/version.privacare.fr\/index.php\/wp-json\/wp\/v2\/pages"}],"about":[{"href":"https:\/\/version.privacare.fr\/index.php\/wp-json\/wp\/v2\/types\/page"}],"author":[{"embeddable":true,"href":"https:\/\/version.privacare.fr\/index.php\/wp-json\/wp\/v2\/users\/1"}],"replies":[{"embeddable":true,"href":"https:\/\/version.privacare.fr\/index.php\/wp-json\/wp\/v2\/comments?post=241"}],"version-history":[{"count":0,"href":"https:\/\/version.privacare.fr\/index.php\/wp-json\/wp\/v2\/pages\/241\/revisions"}],"wp:featuredmedia":[{"embeddable":true,"href":"https:\/\/version.privacare.fr\/index.php\/wp-json\/wp\/v2\/media\/639"}],"wp:attachment":[{"href":"https:\/\/version.privacare.fr\/index.php\/wp-json\/wp\/v2\/media?parent=241"}],"curies":[{"name":"wp","href":"https:\/\/api.w.org\/{rel}","templated":true}]}}