{"id":234,"date":"2021-09-07T12:59:00","date_gmt":"2021-09-07T10:59:00","guid":{"rendered":"http:\/\/version.privacare.fr\/?page_id=234"},"modified":"2021-09-27T09:52:25","modified_gmt":"2021-09-27T07:52:25","slug":"ingenierie-patrimoniale","status":"publish","type":"page","link":"https:\/\/version.privacare.fr\/index.php\/ingenierie-patrimoniale\/","title":{"rendered":"Ing\u00e9nierie patrimoniale"},"content":{"rendered":"<!-- Created with Elementor --><div  id=\"content-1\" class=\"content-12 content-section content-section-spacing\" style=\"background-color: #ffffff;\" data-label=\"Content\" data-id=\"content--1\" data-export-id=\"content-12\" data-category=\"content\">\r\n<div  class=\"\">\r\n<div  class=\"row text-center\">\r\n<h4  class=\"section-title-col\" style=\"text-align: center;\" data-type=\"column\"><\/h4>\r\n<\/div>\r\n<div  class=\"row center-xs middle-xs\">\r\n<div  class=\"col-sm-9\" data-type=\"column\">\r\n\r\n<h2  class=\"\" style=\"text-align: center;\">De quoi s\u2019agit-il ?<\/h2><p  class=\"\" style=\"text-align: justify;\">\r\n<br >L\u2019ing\u00e9nierie patrimoniale ou \u00ab asset engineering \u00bb est le fer de lance de Privacare. Nous mettons au service de nos clients nos comp\u00e9tences pluridisciplinaires afin d\u2019\u00e9laborer des strat\u00e9gies patrimoniales pour ces derniers. Elles recouvrent \u00e0 la fois des aspects juridiques, fiscaux, financiers mais \u00e9galement sociaux et de pr\u00e9voyance.\r\n<br ><br >\r\nNous int\u00e9grons ces \u00e9l\u00e9ments dans le patrimoine de nos clients afin de r\u00e9pondre \u00e0 des probl\u00e9matiques qui leur sont propres et uniques \u00e0 l\u2019image de leur personnalit\u00e9.\r\n<br ><br >\r\nL\u2019ing\u00e9nierie patrimoniale est principalement utilis\u00e9e dans le cadre de notre activit\u00e9 de Conseil en Organisation et strat\u00e9gies patrimoniales. Il s\u2019agit ici d\u2019une mission de conseil dont la r\u00e9mun\u00e9ration prendra la forme d\u2019honoraires.<\/p>\r\n\r\n<\/div>\r\n<\/div>\r\n<\/div>\r\n<\/div><!-- Created with Elementor --><div  data-label=\"Content\" data-id=\"content--2\" data-export-id=\"content-12\" data-category=\"content\" class=\"content-12 content-section content-section-spacing\" id=\"content-2\" style=\"background-color: rgba(130, 22, 83, 0.055); background-image: none;\"><div  class=\"gridContainer\"> <div  class=\"row text-center\"><div  class=\"section-title-col\" data-type=\"column\"> <h2  class=\"\" style=\"text-align: center;\">Pour aller plus loin\r\n<\/h2> <div  data-editable=\"true\" data-name=\"ope-widgets-area\" data-content-shortcode=\"mesmerize_display_widgets_area id=&quot;mesmerize_users_custom_widgets_areas_4&quot; \" class=\"\"><div data-name=\"mesmerize-widgets-area\"><div id=\"block-26\" class=\"widget widget_block\">\n<figure class=\"wp-block-embed is-type-video is-provider-youtube wp-block-embed-youtube wp-embed-aspect-16-9 wp-has-aspect-ratio\"><div class=\"wp-block-embed__wrapper\">\n<div class='embed-container'><iframe title=\"Dessine-moi l&#039;\u00e9co : Successions, donations, taxes\u2026 qui r\u00e9cup\u00e8re quoi ?\" width=\"1920\" height=\"1080\" src=\"https:\/\/www.youtube.com\/embed\/WBt1rf0idak?start=2&feature=oembed\" frameborder=\"0\" allow=\"accelerometer; autoplay; clipboard-write; encrypted-media; gyroscope; picture-in-picture\" allowfullscreen><\/iframe><\/div>\n<\/div><\/figure>\n<\/div><\/div><\/div><p  class=\"lead\" style=\"text-align: right;\"><span style=\"font-style: italic;\" ><sup >Vid\u00e9o par : <span style=\"font-weight: 500;\" >Dessine-moi l&rsquo;\u00e9co<\/span><\/sup><\/span><\/p><\/div> <\/div> <div  class=\"row center-xs middle-xs\"> <div  class=\"col-sm-9\" data-type=\"column\"> <\/div> <\/div><\/div> <\/div><!-- Created with Elementor --><div  data-label=\"Features\" data-id=\"features--1\" data-export-id=\"features-16\" data-category=\"features\" class=\"features-16 content-section content-section-spacing\" id=\"features-1\" style=\"background-color: rgb(255, 255, 255); background-image: none;\"><div  class=\"gridContainer\"> <div  class=\"row text-center\"><div  class=\"section-title-col\" data-type=\"column\">  <h5  class=\"\">En compl\u00e9ment :<\/h5><h2  class=\"\">Nos autres prestations<\/h2><\/div> <\/div> <div  class=\"row spaced-cols\" data-type=\"row\"> <div  class=\"col-xs-12 col-sm-6 space-bottom col-md-3 \"> <a data-cp-link=\"1\" href=\"http:\/\/version.privacare.fr\/index.php\/courtage\" target=\"_blank\" rel=\"noopener\"><img  class=\"face\" src=\"http:\/\/version.privacare.fr\/wp-content\/uploads\/2021\/09\/privasquare-04.png\" title=\"privasquare-04\" alt=\"\"><\/a> <div  data-type=\"column\" class=\"col-padding-small col-padding-small-xs description-container\">   <\/div> <\/div> <div  class=\"col-xs-12 col-sm-6 space-bottom col-md-3 \"> <a data-cp-link=\"1\" href=\"http:\/\/version.privacare.fr\/index.php\/gestion-dactifs\" target=\"_blank\" rel=\"noopener\"><img  class=\"face\" src=\"http:\/\/version.privacare.fr\/wp-content\/uploads\/2021\/09\/privasquare_Plan-de-travail-1.png\" title=\"privasquare_Plan de travail 1\" alt=\"\"><\/a> <div  data-type=\"column\" class=\"col-padding-small col-padding-small-xs description-container\">   <\/div> <\/div> <div  class=\"col-xs-12 col-sm-6 space-bottom col-md-3 \"> <a data-cp-link=\"1\" href=\"http:\/\/version.privacare.fr\/index.php\/conseil-en-investissement-immobilier-2\" target=\"_self\" rel=\"noopener\"><img  class=\"face\" src=\"http:\/\/version.privacare.fr\/wp-content\/uploads\/2021\/09\/Privacarre-03.png\" title=\"privasquare-05\" alt=\"\"><\/a> <div  data-type=\"column\" class=\"col-padding-small col-padding-small-xs description-container\">   <\/div> <\/div><div  class=\"col-xs-12 col-sm-6 space-bottom col-md-3 \"> <a data-cp-link=\"1\" href=\"http:\/\/version.privacare.fr\/index.php\/conseil-investissement-financiers\" target=\"_blank\" rel=\"noopener\"><img  class=\"face\" src=\"http:\/\/version.privacare.fr\/wp-content\/uploads\/2021\/09\/Privacarre-05.png\" title=\"privasquare-03\" alt=\"\"><\/a> <div  data-type=\"column\" class=\"col-padding-small col-padding-small-xs description-container\">   <\/div> <\/div><\/div> <\/div><\/div>","protected":false},"excerpt":{"rendered":"<p>De quoi s\u2019agit-il ? L\u2019ing\u00e9nierie patrimoniale ou \u00ab asset engineering \u00bb est le fer de lance de Privacare. Nous mettons au service de nos clients nos comp\u00e9tences pluridisciplinaires afin d\u2019\u00e9laborer des strat\u00e9gies patrimoniales pour ces derniers. Elles recouvrent \u00e0 la fois des aspects juridiques, fiscaux, financiers mais \u00e9galement sociaux et de pr\u00e9voyance. Nous int\u00e9grons ces&hellip; <br \/> <a class=\"read-more\" href=\"https:\/\/version.privacare.fr\/index.php\/ingenierie-patrimoniale\/\">Lire la suite<\/a><\/p>\n","protected":false},"author":1,"featured_media":565,"parent":0,"menu_order":0,"comment_status":"closed","ping_status":"closed","template":"pro\/page-templates\/full-width-page.php","meta":{"_monsterinsights_skip_tracking":false,"_monsterinsights_sitenote_active":false,"_monsterinsights_sitenote_note":"","_monsterinsights_sitenote_category":0},"_links":{"self":[{"href":"https:\/\/version.privacare.fr\/index.php\/wp-json\/wp\/v2\/pages\/234"}],"collection":[{"href":"https:\/\/version.privacare.fr\/index.php\/wp-json\/wp\/v2\/pages"}],"about":[{"href":"https:\/\/version.privacare.fr\/index.php\/wp-json\/wp\/v2\/types\/page"}],"author":[{"embeddable":true,"href":"https:\/\/version.privacare.fr\/index.php\/wp-json\/wp\/v2\/users\/1"}],"replies":[{"embeddable":true,"href":"https:\/\/version.privacare.fr\/index.php\/wp-json\/wp\/v2\/comments?post=234"}],"version-history":[{"count":0,"href":"https:\/\/version.privacare.fr\/index.php\/wp-json\/wp\/v2\/pages\/234\/revisions"}],"wp:featuredmedia":[{"embeddable":true,"href":"https:\/\/version.privacare.fr\/index.php\/wp-json\/wp\/v2\/media\/565"}],"wp:attachment":[{"href":"https:\/\/version.privacare.fr\/index.php\/wp-json\/wp\/v2\/media?parent=234"}],"curies":[{"name":"wp","href":"https:\/\/api.w.org\/{rel}","templated":true}]}}