{"id":454,"date":"2021-09-08T14:26:30","date_gmt":"2021-09-08T12:26:30","guid":{"rendered":"http:\/\/version.privacare.fr\/?page_id=454"},"modified":"2021-09-15T16:03:10","modified_gmt":"2021-09-15T14:03:10","slug":"sites-utiles","status":"publish","type":"page","link":"http:\/\/version.privacare.fr\/index.php\/sites-utiles\/","title":{"rendered":"Sites utiles"},"content":{"rendered":"<!-- Created with Elementor --><div  id=\"content-1\" class=\"content-12 content-section content-section-spacing\" style=\"background-color: #ffffff;\" data-label=\"Content\" data-id=\"content--1\" data-export-id=\"content-12\" data-category=\"content\">\r\n<div  class=\"gridContainer\">\r\n<div  class=\"row text-center\">\r\n<h4  class=\"section-title-col\" style=\"text-align: center;\" data-type=\"column\"><\/h4>\r\n<\/div>\r\n<div  class=\"row center-xs middle-xs\">\r\n<div  class=\"col-sm-9\" data-type=\"column\">\r\n\r\n<p  class=\"\" style=\"text-align: left;\">\u2022 ACPR  (Autorit\u00e9 de Contr\u00f4le Prudentiel et de R\u00e9solution) | <a data-mce-href=\"http:\/\/www.acpr.banque-france.fr\" href=\"http:\/\/www.acpr.banque-france.fr\" target=\"_blank\" rel=\"noopener\" data-mce-selected=\"inline-boundary\" data-cp-link=\"1\" class=\"\">www.acpr.banque-france.fr<\/a>\r\n<br ><br >\r\n\u2022 AMF (Autorit\u00e9 des March\u00e9s Financiers) | <a data-mce-href=\"http:\/\/www.amf-france.org\/fr\" href=\"http:\/\/www.amf-france.org\/fr\" target=\"_self\" data-mce-selected=\"inline-boundary\" data-cp-link=\"1\" rel=\"noopener\" class=\"\">www.amf-france.org\/fr<\/a>\r\n<br ><br >\r\n\u2022 Assurance retraite | <a data-mce-href=\"http:\/\/www.lassuranceretraite.fr\" href=\"http:\/\/www.lassuranceretraite.fr\" target=\"_self\" data-mce-selected=\"inline-boundary\" data-cp-link=\"1\" rel=\"noopener\" class=\"\">www.lassuranceretraite.fr<\/a>\r\n<br ><br >\r\n\u2022 BOAC (Bulletins Officiels de l\u2019Administration Centrale) | <a data-mce-href=\"http:\/\/www.economie.gouv.fr\/bulletin-officiel\/boac\" href=\"http:\/\/www.economie.gouv.fr\/bulletin-officiel\/boac\" target=\"_self\" data-mce-selected=\"inline-boundary\" data-cp-link=\"1\" rel=\"noopener\" class=\"\">www.economie.gouv.fr\/bulletin-officiel\/boac<\/a>\r\n<br ><br >\r\n\u2022 BOFIP (Bulletins Officiels des Finances Publiques \u2013 Imp\u00f4ts) | <a data-mce-href=\"http:\/\/www.bofip.impots.gouv.fr\" href=\"http:\/\/www.bofip.impots.gouv.fr\" target=\"_self\" data-mce-selected=\"inline-boundary\" data-cp-link=\"1\" rel=\"noopener\" class=\"\">www.bofip.impots.gouv.fr<\/a>\r\n<br ><br >\r\n\u2022 CCI Lyon M\u00e9tropole | <a data-mce-href=\"http:\/\/www.lyon-metropole.cci.fr\" href=\"http:\/\/www.lyon-metropole.cci.fr\" target=\"_self\" data-mce-selected=\"inline-boundary\" data-cp-link=\"1\" rel=\"noopener\" class=\"\">www.lyon-metropole.cci.fr<\/a>\r\n<br ><br >\r\n\u2022 Chambre de Commerce et de l\u2019Industrie | <a data-mce-href=\"http:\/\/www.cci.fr\" href=\"http:\/\/www.cci.fr\" target=\"_self\" data-mce-selected=\"inline-boundary\" data-cp-link=\"1\" rel=\"noopener\" class=\"\">www.cci.fr<\/a>\r\n<br ><br >\r\n\u2022 CNCGP (Chambre Nationale des Conseils en Gestion de Patrimoine) | <a data-mce-href=\"http:\/\/www.cncgp.fr\" href=\"http:\/\/www.cncgp.fr\" target=\"_self\" data-mce-selected=\"inline-boundary\" data-cp-link=\"1\" rel=\"noopener\" class=\"\">www.cncgp.fr<\/a>\r\n<br ><br >\r\n\u2022 Conseil R\u00e9gional des Notaires de la Cour d\u2019Appel de Lyon | <a data-mce-href=\"http:\/\/www.cr-lyon.notaires.fr\" href=\"http:\/\/www.cr-lyon.notaires.fr\" target=\"_self\" data-mce-selected=\"inline-boundary\" data-cp-link=\"1\" rel=\"noopener\" class=\"\">www.cr-lyon.notaires.fr<\/a>\r\n<br ><br >\r\n\u2022 DGCCRF (Concurrence, consommation et r\u00e9pression des fraudes) | <a data-mce-href=\"http:\/\/www.economie.gouv.fr\/dgccrf\" href=\"http:\/\/www.economie.gouv.fr\/dgccrf\" target=\"_self\" data-mce-selected=\"inline-boundary\" data-cp-link=\"1\" rel=\"noopener\" class=\"\">www.economie.gouv.fr\/dgccrf<\/a>\r\n<br ><br >\r\n\u2022 DGFIP (Direction G\u00e9n\u00e9rale des Finances Publiques) | <a data-mce-href=\"http:\/\/www.economie.gouv.fr\/dgfip\" href=\"http:\/\/www.economie.gouv.fr\/dgfip\" target=\"_self\" data-mce-selected=\"inline-boundary\" data-cp-link=\"1\" rel=\"noopener\" class=\"\">www.economie.gouv.fr\/dgfip<\/a>\r\n<br ><br >\r\n\u2022 Gouvernement | <a data-mce-href=\"http:\/\/www.gouvernement.fr\" href=\"http:\/\/www.gouvernement.fr\" target=\"_self\" data-mce-selected=\"inline-boundary\" data-cp-link=\"1\" rel=\"noopener\" class=\"\">www.gouvernement.fr<\/a>\r\n<br ><br >\r\n\u2022 Imp\u00f4ts | <a href=\"http:\/\/www.impots.gouv.fr\" target=\"_self\" data-mce-href=\"http:\/\/www.impots.gouv.fr\" data-cp-link=\"1\" rel=\"noopener\" class=\"\">www.impots.gouv.fr<\/a>\r\n<br ><br >\r\n\u2022 Infogreffe | <a data-mce-href=\"http:\/\/www.infogreffe.fr\" href=\"http:\/\/www.infogreffe.fr\" target=\"_self\" data-mce-selected=\"inline-boundary\" data-cp-link=\"1\" rel=\"noopener\" class=\"\">www.infogreffe.fr<\/a>\r\n<br ><br >\r\n\u2022 Info retraite | <a data-mce-href=\"http:\/\/www.info-retraite.fr\" href=\"http:\/\/www.info-retraite.fr\" target=\"_self\" data-mce-selected=\"inline-boundary\" data-cp-link=\"1\" rel=\"noopener\" class=\"\">www.info-retraite.fr<\/a>\r\n<br ><br >\r\n\u2022 MEDEF | <a data-mce-href=\"http:\/\/www.medef.com\" href=\"http:\/\/www.medef.com\" target=\"_self\" data-mce-selected=\"inline-boundary\" data-cp-link=\"1\" rel=\"noopener\" class=\"\">www.medef.com<\/a>\r\n<br ><br >\r\n\u2022 Morningstar | <a data-mce-href=\"http:\/\/www.morningstar.fr\" href=\"http:\/\/www.morningstar.fr\" target=\"_self\" data-mce-selected=\"inline-boundary\" data-cp-link=\"1\" rel=\"noopener\" class=\"\">www.morningstar.fr<\/a>\r\n<br ><br >\r\n\u2022 Only Lyon | <a data-mce-href=\"http:\/\/www.onlylyon.com\" href=\"http:\/\/www.onlylyon.com\" target=\"_self\" data-mce-selected=\"inline-boundary\" data-cp-link=\"1\" rel=\"noopener\" class=\"\">www.onlylyon.com<\/a>\r\n<br ><br >\r\n\u2022 ORIAS | <a data-mce-href=\"http:\/\/www.orias.fr\" href=\"http:\/\/www.orias.fr\" target=\"_self\" data-mce-selected=\"inline-boundary\" data-cp-link=\"1\" rel=\"noopener\" class=\"\">www.orias.fr<\/a>\r\n<br ><br >\r\n\u2022 Quantalys | <a data-mce-href=\"http:\/\/www.quantalys.com\" href=\"http:\/\/www.quantalys.com\" target=\"_self\" data-mce-selected=\"inline-boundary\" data-cp-link=\"1\" rel=\"noopener\" class=\"\">www.quantalys.com<\/a>\r\n<br ><br >\r\n\u2022 R\u00e9gion Auvergne Rh\u00f4ne-Alpes | <a data-mce-href=\"http:\/\/www.auvergnerhonealpes.eu\" href=\"http:\/\/www.auvergnerhonealpes.eu\" target=\"_self\" data-mce-selected=\"inline-boundary\" data-cp-link=\"1\" rel=\"noopener\" class=\"\">www.auvergnerhonealpes.eu<\/a>\r\n<br ><br >\r\n\u2022 Ville de Lyon | <a data-mce-href=\"http:\/\/www.lyon.fr\" href=\"http:\/\/www.lyon.fr\" target=\"_self\" data-mce-selected=\"inline-boundary\" data-cp-link=\"1\" rel=\"noopener\" class=\"\">www.lyon.fr<\/a><\/p>\r\n\r\n<\/div>\r\n<\/div>\r\n<\/div>\r\n<\/div><!-- Created with Elementor --><!-- Created with Elementor -->","protected":false},"excerpt":{"rendered":"<p>\u2022 ACPR (Autorit\u00e9 de Contr\u00f4le Prudentiel et de R\u00e9solution) | www.acpr.banque-france.fr \u2022 AMF (Autorit\u00e9 des March\u00e9s Financiers) | www.amf-france.org\/fr \u2022 Assurance retraite | www.lassuranceretraite.fr \u2022 BOAC (Bulletins Officiels de l\u2019Administration Centrale) | www.economie.gouv.fr\/bulletin-officiel\/boac \u2022 BOFIP (Bulletins Officiels des Finances Publiques \u2013 Imp\u00f4ts) | www.bofip.impots.gouv.fr \u2022 CCI Lyon M\u00e9tropole | www.lyon-metropole.cci.fr \u2022 Chambre de Commerce et&hellip; <br \/> <a class=\"read-more\" href=\"http:\/\/version.privacare.fr\/index.php\/sites-utiles\/\">Lire la suite<\/a><\/p>\n","protected":false},"author":1,"featured_media":668,"parent":0,"menu_order":0,"comment_status":"closed","ping_status":"closed","template":"pro\/page-templates\/full-width-page.php","meta":{"_monsterinsights_skip_tracking":false,"_monsterinsights_sitenote_active":false,"_monsterinsights_sitenote_note":"","_monsterinsights_sitenote_category":0},"_links":{"self":[{"href":"http:\/\/version.privacare.fr\/index.php\/wp-json\/wp\/v2\/pages\/454"}],"collection":[{"href":"http:\/\/version.privacare.fr\/index.php\/wp-json\/wp\/v2\/pages"}],"about":[{"href":"http:\/\/version.privacare.fr\/index.php\/wp-json\/wp\/v2\/types\/page"}],"author":[{"embeddable":true,"href":"http:\/\/version.privacare.fr\/index.php\/wp-json\/wp\/v2\/users\/1"}],"replies":[{"embeddable":true,"href":"http:\/\/version.privacare.fr\/index.php\/wp-json\/wp\/v2\/comments?post=454"}],"version-history":[{"count":0,"href":"http:\/\/version.privacare.fr\/index.php\/wp-json\/wp\/v2\/pages\/454\/revisions"}],"wp:featuredmedia":[{"embeddable":true,"href":"http:\/\/version.privacare.fr\/index.php\/wp-json\/wp\/v2\/media\/668"}],"wp:attachment":[{"href":"http:\/\/version.privacare.fr\/index.php\/wp-json\/wp\/v2\/media?parent=454"}],"curies":[{"name":"wp","href":"https:\/\/api.w.org\/{rel}","templated":true}]}}