{"id":450,"date":"2021-09-08T14:15:45","date_gmt":"2021-09-08T12:15:45","guid":{"rendered":"http:\/\/version.privacare.fr\/?page_id=450"},"modified":"2021-09-15T15:57:51","modified_gmt":"2021-09-15T13:57:51","slug":"glossaire","status":"publish","type":"page","link":"http:\/\/version.privacare.fr\/index.php\/glossaire\/","title":{"rendered":"Glossaire"},"content":{"rendered":"<!-- Created with Elementor --><div  id=\"content-1\" class=\"content-12 content-section content-section-spacing\" style=\"background-color: #ffffff;\" data-label=\"Content\" data-id=\"content--1\" data-export-id=\"content-12\" data-category=\"content\">\n<div  class=\"gridContainer\">\n<div  class=\"row text-center\">\n<h4  class=\"section-title-col\" style=\"text-align: center;\" data-type=\"column\"><\/h4>\n<\/div>\n<div  class=\"row center-xs middle-xs\">\n<div  class=\"col-sm-9\" data-type=\"column\">\n\n<p  class=\"\" style=\"text-align: justify;\"><span  style=\"font-weight: 700; color: rgb(130, 22, 83);\">Assurance vie<\/span> : elle est utilis\u00e9e pour \u00e9pargner et faire cro\u00eetre votre capital pour vous-m\u00eame ou vos proches.\n<br ><br >\n<span  style=\"font-weight: 700; color: rgb(130, 22, 83);\">SCPI<\/span> : une Soci\u00e9t\u00e9 Civile de Placement Immobilier est un Collecte de fonds fournis par des investisseurs particuliers pour acqu\u00e9rir et g\u00e9rer des actifs immobiliers en tant qu\u2019outil de placement collectif.\n<span  id=\"_mce_caret\" data-mce-bogus=\"1\" data-mce-type=\"format-caret\"><span  style=\"text-decoration: underline;\"><span  style=\"font-weight: 700;\">\ufeff<\/span><\/span><\/span><br ><br >\n<span  style=\"font-weight: 700; color: rgb(130, 22, 83);\">PER<\/span> :  un ratio boursier correspondant au rapport entre les profits d\u2019une entreprise et sa valeur en bourse.\n<br ><br >\n<span  style=\"font-weight: 700; color: rgb(130, 22, 83);\">FIP <\/span>:  il s\u2019agit des Fonds d\u2019Investissement de Proximit\u00e9 qui ont \u00e9t\u00e9s cr\u00e9\u00e9s pour permettre aux particuliers de b\u00e9n\u00e9ficier de la vitalit\u00e9 des PME \u00abnon cot\u00e9es\u00bb en bourse gr\u00e2ce aux produits d\u2019\u00e9pargne disponibles et aux avantages fiscaux.\n<br ><br >\n<span  style=\"font-weight: 700; color: rgb(130, 22, 83);\">PEA <\/span>: ou Plan d\u2019Epargne en Action permet aux particuliers d\u2019investir dans des actions europ\u00e9ennes. Il a \u00e9t\u00e9 cr\u00e9\u00e9 pour promouvoir les investissements en bourse.\n<br ><br >\n<span  style=\"font-weight: 700; color: rgb(130, 22, 83);\">FCPI<\/span> : Le fonds commun de placement dans l\u2019innovation (FCPI) est un organisme de placement collectif en valeurs mobili\u00e8res (OPCVM) de droit fran\u00e7ais agr\u00e9\u00e9 par l\u2019Autorit\u00e9 des march\u00e9s financiers (AMF). Il a vocation \u00e0 favoriser le renforcement des fonds propres des PME fran\u00e7aises dites \u201centreprise innovante\u201d.\n<br ><br >\n<span  style=\"font-weight: 700; color: rgb(130, 22, 83);\">FCPR<\/span> : Il s\u2019agit d\u2019un organisme collectif collectant des capitaux aupr\u00e8s d\u2019investisseurs, qui sont ensuite r\u00e9investis dans des op\u00e9rations de capital risque.<\/p>\n\n<\/div>\n<\/div>\n<\/div>\n<\/div><!-- Created with Elementor --><!-- Created with Elementor -->","protected":false},"excerpt":{"rendered":"<p>Assurance vie : elle est utilis\u00e9e pour \u00e9pargner et faire cro\u00eetre votre capital pour vous-m\u00eame ou vos proches. SCPI : une Soci\u00e9t\u00e9 Civile de Placement Immobilier est un Collecte de fonds fournis par des investisseurs particuliers pour acqu\u00e9rir et g\u00e9rer des actifs immobiliers en tant qu\u2019outil de placement collectif. \ufeff PER : un ratio boursier&hellip; <br \/> <a class=\"read-more\" href=\"http:\/\/version.privacare.fr\/index.php\/glossaire\/\">Lire la suite<\/a><\/p>\n","protected":false},"author":1,"featured_media":660,"parent":0,"menu_order":0,"comment_status":"closed","ping_status":"closed","template":"pro\/page-templates\/full-width-page.php","meta":{"_monsterinsights_skip_tracking":false,"_monsterinsights_sitenote_active":false,"_monsterinsights_sitenote_note":"","_monsterinsights_sitenote_category":0},"_links":{"self":[{"href":"http:\/\/version.privacare.fr\/index.php\/wp-json\/wp\/v2\/pages\/450"}],"collection":[{"href":"http:\/\/version.privacare.fr\/index.php\/wp-json\/wp\/v2\/pages"}],"about":[{"href":"http:\/\/version.privacare.fr\/index.php\/wp-json\/wp\/v2\/types\/page"}],"author":[{"embeddable":true,"href":"http:\/\/version.privacare.fr\/index.php\/wp-json\/wp\/v2\/users\/1"}],"replies":[{"embeddable":true,"href":"http:\/\/version.privacare.fr\/index.php\/wp-json\/wp\/v2\/comments?post=450"}],"version-history":[{"count":0,"href":"http:\/\/version.privacare.fr\/index.php\/wp-json\/wp\/v2\/pages\/450\/revisions"}],"wp:featuredmedia":[{"embeddable":true,"href":"http:\/\/version.privacare.fr\/index.php\/wp-json\/wp\/v2\/media\/660"}],"wp:attachment":[{"href":"http:\/\/version.privacare.fr\/index.php\/wp-json\/wp\/v2\/media?parent=450"}],"curies":[{"name":"wp","href":"https:\/\/api.w.org\/{rel}","templated":true}]}}